{"id":8,"date":"2022-05-07T10:02:10","date_gmt":"2022-05-07T10:02:10","guid":{"rendered":"https:\/\/gribshundensvanner.se\/index.php\/colibri-wp\/"},"modified":"2023-08-25T14:17:24","modified_gmt":"2023-08-25T14:17:24","slug":"colibri-wp","status":"publish","type":"page","link":"https:\/\/gribshundensvanner.se\/","title":{"rendered":"Front Page"},"content":{"rendered":"<div data-colibri-id=\"8-c1\" class=\"style-193 style-local-8-c1 position-relative\">\n  <!---->\n  <div data-colibri-component=\"section\" data-colibri-id=\"8-c2\" id=\"bakgrund-undertext\" class=\"h-section h-section-global-spacing d-flex align-items-lg-start align-items-md-start align-items-start style-228 style-local-8-c2 position-relative\">\n    <!---->\n    <!---->\n    <div class=\"h-section-grid-container h-section-boxed-container\">\n      <!---->\n      <div data-colibri-id=\"8-c3\" class=\"h-row-container gutters-row-lg-2 gutters-row-md-2 gutters-row-0 gutters-row-v-lg-2 gutters-row-v-md-2 gutters-row-v-2 style-231 style-local-8-c3 position-relative\">\n        <!---->\n        <div class=\"h-row justify-content-lg-center justify-content-md-center justify-content-center align-items-lg-stretch align-items-md-stretch align-items-stretch gutters-col-lg-2 gutters-col-md-2 gutters-col-0 gutters-col-v-lg-2 gutters-col-v-md-2 gutters-col-v-2\">\n          <!---->\n          <div class=\"h-column h-column-container d-flex h-col-lg-auto h-col-md-auto h-col-auto style-232-outer style-local-8-c4-outer\">\n            <div data-colibri-id=\"8-c4\" class=\"d-flex h-flex-basis h-column__inner h-px-lg-2 h-px-md-2 h-px-2 v-inner-lg-2 v-inner-md-2 v-inner-2 style-232 style-local-8-c4 position-relative\">\n              <!---->\n              <!---->\n              <div class=\"w-100 h-y-container h-column__content h-column__v-align flex-basis-100 align-self-lg-start align-self-md-start align-self-start\">\n                <!---->\n                <div data-colibri-id=\"8-c5\" class=\"h-text h-text-component style-233 style-local-8-c5 position-relative h-element\">\n                  <!---->\n                  <!---->\n                  <div class=\"\">\n                    <p>ill: Mats V\u00e4nehem\n                      <br>\n                    <\/p>\n                  <\/div>\n                <\/div>\n              <\/div>\n            <\/div>\n          <\/div>\n        <\/div>\n      <\/div>\n    <\/div>\n  <\/div>\n  <div data-colibri-component=\"section\" data-colibri-id=\"8-c10\" id=\"navigering\" class=\"h-section h-section-global-spacing d-flex align-items-lg-center align-items-md-center align-items-center style-214 style-local-8-c10 position-relative\">\n    <!---->\n    <!---->\n    <div class=\"h-section-grid-container h-section-boxed-container\">\n      <!---->\n      <div data-colibri-id=\"8-c11\" class=\"h-row-container gutters-row-lg-2 gutters-row-md-2 gutters-row-0 gutters-row-v-lg-2 gutters-row-v-md-2 gutters-row-v-2 style-215 style-local-8-c11 position-relative\">\n        <!---->\n        <div class=\"h-row justify-content-lg-center justify-content-md-center justify-content-center align-items-lg-stretch align-items-md-stretch align-items-stretch gutters-col-lg-2 gutters-col-md-2 gutters-col-0 gutters-col-v-lg-2 gutters-col-v-md-2 gutters-col-v-2\">\n          <!---->\n          <div class=\"h-column h-column-container d-flex h-col-lg-auto h-col-md-auto h-col-auto style-216-outer style-local-8-c12-outer\">\n            <div data-colibri-id=\"8-c12\" class=\"d-flex h-flex-basis h-column__inner h-px-lg-2 h-px-md-2 h-px-2 v-inner-lg-2 v-inner-md-2 v-inner-2 style-216 style-local-8-c12 position-relative\">\n              <!---->\n              <!---->\n              <div class=\"w-100 h-y-container h-column__content h-column__v-align flex-basis-100 align-self-lg-start align-self-md-start align-self-start\">\n                <!---->\n                <div data-colibri-id=\"8-c13\" class=\"d-block style-221 style-local-8-c13 position-relative h-element\">\n                  <!---->\n                  <div class=\"h-image__frame-container-outer\">\n                    <a href=\"\/index.php\/blog\/\" h-use-smooth-scroll=\"true\" class=\"image-link\">\n                      <div class=\"h-image__frame-container\">\n                        <!---->\n                        <!---->\n                        <img loading=\"lazy\" decoding=\"async\" width=\"251\" height=\"151\" src=\"https:\/\/gribshundensvanner.se\/wp-content\/uploads\/2022\/05\/logo_aktuellt.png\" class=\"wp-image-101 style-221-image style-local-8-c13-image\" alt=\"\" \/>\n                        <div class=\"h-image__frame h-hide-lg h-hide-md h-hide-sm style-221-frameImage style-local-8-c13-frameImage\"><\/div>\n                      <\/div>\n                    <\/a>\n                  <\/div>\n                <\/div>\n                <div data-colibri-id=\"8-c14\" class=\"h-text h-text-component style-220 style-local-8-c14 position-relative h-element\">\n                  <!---->\n                  <!---->\n                  <div class=\"\">\n                    <p>Nyheter om f\u00f6reningen Gribshundens v\u00e4nner\n                      <br>\n                    <\/p>\n                  <\/div>\n                <\/div>\n                <div data-colibri-id=\"8-c15\" class=\"h-x-container style-254 style-local-8-c15 position-relative h-element\">\n                  <!---->\n                  <div class=\"h-x-container-inner style-dynamic-8-c15-group style-254-spacing style-local-8-c15-spacing\"><span class=\"h-button__outer style-255-outer style-local-8-c16-outer d-inline-flex h-element\"><a h-use-smooth-scroll=\"true\" href=\"\/index.php\/blog\/\"  data-colibri-id=\"8-c16\" class=\"d-flex w-100 align-items-center h-button justify-content-lg-center justify-content-md-center justify-content-center style-255 style-local-8-c16 position-relative\"><!----><!----> <span>Nyheter<\/span><\/a>\n                    <\/span>\n                  <\/div>\n                <\/div>\n              <\/div>\n            <\/div>\n          <\/div>\n          <div class=\"h-column h-column-container d-flex h-col-lg-auto h-col-md-auto h-col-auto style-217-outer style-local-8-c17-outer\">\n            <div data-colibri-id=\"8-c17\" class=\"d-flex h-flex-basis h-column__inner h-px-lg-2 h-px-md-2 h-px-2 v-inner-lg-2 v-inner-md-2 v-inner-2 style-217 style-local-8-c17 position-relative\">\n              <!---->\n              <!---->\n              <div class=\"w-100 h-y-container h-column__content h-column__v-align flex-basis-100 align-self-lg-start align-self-md-start align-self-start\">\n                <!---->\n                <div data-colibri-id=\"8-c18\" class=\"d-block style-238 style-local-8-c18 position-relative h-element\">\n                  <!---->\n                  <div class=\"h-image__frame-container-outer\">\n                    <a href=\"\/index.php\/det-hander\/\" h-use-smooth-scroll=\"true\" class=\"image-link\">\n                      <div class=\"h-image__frame-container\">\n                        <!---->\n                        <!---->\n                        <img loading=\"lazy\" decoding=\"async\" width=\"250\" height=\"150\" src=\"https:\/\/gribshundensvanner.se\/wp-content\/uploads\/2022\/05\/logo_hander.png\" class=\"wp-image-103 style-238-image style-local-8-c18-image\" alt=\"\" \/>\n                        <div class=\"h-image__frame h-hide-lg h-hide-md h-hide-sm style-238-frameImage style-local-8-c18-frameImage\"><\/div>\n                      <\/div>\n                    <\/a>\n                  <\/div>\n                <\/div>\n                <div data-colibri-id=\"8-c19\" class=\"h-text h-text-component style-239 style-local-8-c19 position-relative h-element\">\n                  <!---->\n                  <!---->\n                  <div class=\"\">\n                    <p>Aktiviteter och arrangemang av f\u00f6reningen\n                      <br>\n                    <\/p>\n                  <\/div>\n                <\/div>\n                <div data-colibri-id=\"8-c20\" class=\"h-x-container style-256 style-local-8-c20 position-relative h-element\">\n                  <!---->\n                  <div class=\"h-x-container-inner style-dynamic-8-c20-group style-256-spacing style-local-8-c20-spacing\"><span class=\"h-button__outer style-257-outer style-local-8-c21-outer d-inline-flex h-element\"><a h-use-smooth-scroll=\"true\" href=\"\/index.php\/det-hander\/\"  data-colibri-id=\"8-c21\" class=\"d-flex w-100 align-items-center h-button justify-content-lg-center justify-content-md-center justify-content-center style-257 style-local-8-c21 position-relative\"><!----><!----> <span>Evenemang<\/span><\/a>\n                    <\/span>\n                  <\/div>\n                <\/div>\n              <\/div>\n            <\/div>\n          <\/div>\n          <div class=\"h-column h-column-container d-flex h-col-lg-auto h-col-md-auto h-col-auto style-218-outer style-local-8-c22-outer\">\n            <div data-colibri-id=\"8-c22\" class=\"d-flex h-flex-basis h-column__inner h-px-lg-2 h-px-md-2 h-px-2 v-inner-lg-2 v-inner-md-2 v-inner-2 style-218 style-local-8-c22 position-relative\">\n              <!---->\n              <!---->\n              <div class=\"w-100 h-y-container h-column__content h-column__v-align flex-basis-100 align-self-lg-start align-self-md-start align-self-start\">\n                <!---->\n                <div data-colibri-id=\"8-c23\" class=\"d-block style-242 style-local-8-c23 position-relative h-element\">\n                  <!---->\n                  <div class=\"h-image__frame-container-outer\">\n                    <a href=\"\/index.php\/historien\/\" h-use-smooth-scroll=\"true\" class=\"image-link\">\n                      <div class=\"h-image__frame-container\">\n                        <!---->\n                        <!---->\n                        <img loading=\"lazy\" decoding=\"async\" width=\"250\" height=\"150\" src=\"https:\/\/gribshundensvanner.se\/wp-content\/uploads\/2022\/05\/logo_historien.png\" class=\"wp-image-104 style-242-image style-local-8-c23-image\" alt=\"\" \/>\n                        <div class=\"h-image__frame h-hide-lg h-hide-md h-hide-sm style-242-frameImage style-local-8-c23-frameImage\"><\/div>\n                      <\/div>\n                    <\/a>\n                  <\/div>\n                <\/div>\n                <div data-colibri-id=\"8-c24\" class=\"h-text h-text-component style-243 style-local-8-c24 position-relative h-element\">\n                  <!---->\n                  <!---->\n                  <div class=\"\">\n                    <p>L\u00e4s mer om f\u00f6reningens bakgrund\n                      <br>\n                    <\/p>\n                  <\/div>\n                <\/div>\n                <div data-colibri-id=\"8-c25\" class=\"h-x-container style-252 style-local-8-c25 position-relative h-element\">\n                  <!---->\n                  <div class=\"h-x-container-inner style-dynamic-8-c25-group style-252-spacing style-local-8-c25-spacing\"><span class=\"h-button__outer style-253-outer style-local-8-c26-outer d-inline-flex h-element\"><a h-use-smooth-scroll=\"true\" href=\"\/index.php\/historien\/\"  data-colibri-id=\"8-c26\" class=\"d-flex w-100 align-items-center h-button justify-content-lg-center justify-content-md-center justify-content-center style-253 style-local-8-c26 position-relative\"><!----><!----> <span>Hur allt b\u00f6rjade<\/span><\/a>\n                    <\/span>\n                  <\/div>\n                <\/div>\n              <\/div>\n            <\/div>\n          <\/div>\n          <div class=\"h-column h-column-container d-flex h-col-lg-auto h-col-md-auto h-col-auto style-219-outer style-local-8-c27-outer\">\n            <div data-colibri-id=\"8-c27\" class=\"d-flex h-flex-basis h-column__inner h-px-lg-2 h-px-md-2 h-px-2 v-inner-lg-2 v-inner-md-2 v-inner-2 style-219 style-local-8-c27 position-relative\">\n              <!---->\n              <!---->\n              <div class=\"w-100 h-y-container h-column__content h-column__v-align flex-basis-100 align-self-lg-start align-self-md-start align-self-start\">\n                <!---->\n                <div data-colibri-id=\"8-c28\" class=\"d-block style-246 style-local-8-c28 position-relative h-element\">\n                  <!---->\n                  <div class=\"h-image__frame-container-outer\">\n                    <a href=\"index.php\/omvarld\/\" h-use-smooth-scroll=\"true\" class=\"image-link\">\n                      <div class=\"h-image__frame-container\">\n                        <!---->\n                        <!---->\n                        <img loading=\"lazy\" decoding=\"async\" width=\"250\" height=\"150\" src=\"https:\/\/gribshundensvanner.se\/wp-content\/uploads\/2022\/05\/logo_omvarld.png\" class=\"wp-image-105 style-246-image style-local-8-c28-image\" alt=\"\" \/>\n                        <div class=\"h-image__frame h-hide-lg h-hide-md h-hide-sm style-246-frameImage style-local-8-c28-frameImage\"><\/div>\n                      <\/div>\n                    <\/a>\n                  <\/div>\n                <\/div>\n                <div data-colibri-id=\"8-c29\" class=\"h-text h-text-component style-247 style-local-8-c29 position-relative h-element\">\n                  <!---->\n                  <!---->\n                  <div class=\"\">\n                    <p>Andra akt\u00f6rer med samma intresse\n                      <br>\n                    <\/p>\n                  <\/div>\n                <\/div>\n                <div data-colibri-id=\"8-c30\" class=\"h-x-container style-250 style-local-8-c30 position-relative h-element\">\n                  <!---->\n                  <div class=\"h-x-container-inner style-dynamic-8-c30-group style-250-spacing style-local-8-c30-spacing\"><span class=\"h-button__outer style-251-outer style-local-8-c31-outer d-inline-flex h-element\"><a h-use-smooth-scroll=\"true\" href=\"index.php\/omvarld\/\"  data-colibri-id=\"8-c31\" class=\"d-flex w-100 align-items-center h-button justify-content-lg-center justify-content-md-center justify-content-center style-251 style-local-8-c31 position-relative\"><!----><!----> <span>Omv\u00e4rldsbevakning<\/span><\/a>\n                    <\/span>\n                  <\/div>\n                <\/div>\n              <\/div>\n            <\/div>\n          <\/div>\n        <\/div>\n      <\/div>\n    <\/div>\n  <\/div>\n<\/div>","protected":false},"excerpt":{"rendered":"<p>ill: Mats V\u00e4nehem Nyheter om f\u00f6reningen Gribshundens v\u00e4nner Nyheter Aktiviteter och arrangemang av f\u00f6reningen Evenemang L\u00e4s mer om f\u00f6reningens bakgrund Hur allt b\u00f6rjade Andra akt\u00f6rer med samma intresse Omv\u00e4rldsbevakning<\/p>\n","protected":false},"author":1,"featured_media":0,"parent":0,"menu_order":0,"comment_status":"closed","ping_status":"closed","template":"page-templates\/homepage.php","meta":{"footnotes":""},"class_list":["post-8","page","type-page","status-publish","hentry"],"_links":{"self":[{"href":"https:\/\/gribshundensvanner.se\/index.php\/wp-json\/wp\/v2\/pages\/8","targetHints":{"allow":["GET"]}}],"collection":[{"href":"https:\/\/gribshundensvanner.se\/index.php\/wp-json\/wp\/v2\/pages"}],"about":[{"href":"https:\/\/gribshundensvanner.se\/index.php\/wp-json\/wp\/v2\/types\/page"}],"author":[{"embeddable":true,"href":"https:\/\/gribshundensvanner.se\/index.php\/wp-json\/wp\/v2\/users\/1"}],"replies":[{"embeddable":true,"href":"https:\/\/gribshundensvanner.se\/index.php\/wp-json\/wp\/v2\/comments?post=8"}],"version-history":[{"count":20,"href":"https:\/\/gribshundensvanner.se\/index.php\/wp-json\/wp\/v2\/pages\/8\/revisions"}],"predecessor-version":[{"id":756,"href":"https:\/\/gribshundensvanner.se\/index.php\/wp-json\/wp\/v2\/pages\/8\/revisions\/756"}],"wp:attachment":[{"href":"https:\/\/gribshundensvanner.se\/index.php\/wp-json\/wp\/v2\/media?parent=8"}],"curies":[{"name":"wp","href":"https:\/\/api.w.org\/{rel}","templated":true}]}}