{"id":305,"date":"2022-05-07T11:36:19","date_gmt":"2022-05-07T11:36:19","guid":{"rendered":"https:\/\/gribshundensvanner.se\/?page_id=305"},"modified":"2022-05-30T21:14:57","modified_gmt":"2022-05-30T21:14:57","slug":"bli-medlem","status":"publish","type":"page","link":"https:\/\/gribshundensvanner.se\/index.php\/bli-medlem\/","title":{"rendered":"Bli medlem"},"content":{"rendered":"\n<h4 class=\"wp-block-heading\">Ans\u00f6k om medlemskap<\/h4>\n\n\n\n<div class=\"forminator-guttenberg\"><div class=\"forminator-ui forminator-custom-form forminator-custom-form-304 forminator-design--material  forminator_ajax\" data-forminator-render=\"0\" data-form=\"forminator-module-304\"><br\/><\/div><form\n\t\t\t\tid=\"forminator-module-304\"\n\t\t\t\tclass=\"forminator-ui forminator-custom-form forminator-custom-form-304 forminator-design--material  forminator_ajax\"\n\t\t\t\tmethod=\"post\"\n\t\t\t\tdata-forminator-render=\"0\"\n\t\t\t\tdata-form-id=\"304\"\n\t\t\t\t\n\t\t\t\tdata-design=\"material\"\n\t\t\t\t\n\t\t\t\t\n\t\t\t\t\n\t\t\t\tdata-grid=\"open\"\n\t\t\t\t\n\t\t\t\t\n\t\t\t\tstyle=\"display: none;\"\n\t\t\t><div class=\"forminator-response-message forminator-error\" aria-hidden=\"true\"><\/div><div class=\"forminator-row\"><div id=\"name-1\" class=\"forminator-col forminator-col-12 \"><div class=\"forminator-row\" data-multiple=\"true\"><div class=\"forminator-col forminator-col-12\"><div class=\"forminator-field\"><label for=\"forminator-field-first-name-1\" class=\"forminator-label\">F\u00f6rnamn <span class=\"forminator-required\">*<\/span><\/label><input type=\"text\" name=\"name-1-first-name\" placeholder=\"T.ex. Anders\" id=\"forminator-field-first-name-1\" class=\"forminator-input\" aria-required=\"true\" data-multi=\"1\" value=\"\" \/><\/div><\/div><\/div><div class=\"forminator-row\" data-multiple=\"true\"><div class=\"forminator-col forminator-col-12\"><div class=\"forminator-field\"><label for=\"forminator-field-last-name-1\" class=\"forminator-label\">Efternamn <span class=\"forminator-required\">*<\/span><\/label><input type=\"text\" name=\"name-1-last-name\" placeholder=\"T.ex. Eriksson\" id=\"forminator-field-last-name-1\" class=\"forminator-input\" aria-required=\"true\" data-multi=\"1\" value=\"\" \/><\/div><\/div><\/div><\/div><\/div><div class=\"forminator-row\"><div id=\"phone-1\" class=\"forminator-col forminator-col-12 \"><div class=\"forminator-field\"><label for=\"forminator-field-phone-1\" class=\"forminator-label\">Telefon <span class=\"forminator-required\">*<\/span><\/label><input type=\"text\" name=\"phone-1\" value=\"\" placeholder=\"T.ex. 0760 12 34 56\" id=\"forminator-field-phone-1\" class=\"forminator-input forminator-field--phone\" data-required=\"1\" aria-required=\"true\" autocomplete=\"off\" \/><\/div><\/div><\/div><div class=\"forminator-row\"><div id=\"email-1\" class=\"forminator-col forminator-col-12 \"><div class=\"forminator-field\"><label for=\"forminator-field-email-1\" class=\"forminator-label\">E-postadress <span class=\"forminator-required\">*<\/span><\/label><input type=\"email\" name=\"email-1\" value=\"\" placeholder=\"t.ex minmail@mail.com\" id=\"forminator-field-email-1\" class=\"forminator-input forminator-email--field\" data-required=\"1\" aria-required=\"true\" \/><\/div><\/div><\/div><div class=\"forminator-row\"><div id=\"textarea-1\" class=\"forminator-col forminator-col-12 \"><div class=\"forminator-field\"><label for=\"forminator-field-textarea-1\" class=\"forminator-label\">Postadress<\/label><textarea name=\"textarea-1\" placeholder=\"T.ex. Marknadsgatan 72 119 07 Postort\" id=\"forminator-field-textarea-1\" class=\"forminator-textarea\" rows=\"6\" style=\"min-height:140px;\" ><\/textarea><\/div><\/div><\/div><input type=\"hidden\" name=\"referer_url\" value=\"\" \/><div class=\"forminator-row forminator-row-last\"><div class=\"forminator-col\"><div class=\"forminator-field\"><button class=\"forminator-button forminator-button-submit\"><span>Bli medlem<\/span><span aria-hidden=\"true\"><\/span><\/button><\/div><\/div><\/div><input type=\"hidden\" id=\"forminator_nonce\" name=\"forminator_nonce\" value=\"66143406f1\" \/><input type=\"hidden\" name=\"_wp_http_referer\" value=\"\/index.php\/wp-json\/wp\/v2\/pages\/305\" \/><input type=\"hidden\" name=\"form_id\" value=\"304\"><input type=\"hidden\" name=\"page_id\" value=\"305\"><input type=\"hidden\" name=\"form_type\" value=\"default\"><input type=\"hidden\" name=\"current_url\" value=\"https:\/\/gribshundensvanner.se\/wp-json\/wp\/v2\/pages\/305\/\"><input type=\"hidden\" name=\"render_id\" value=\"0\"><input type=\"hidden\" name=\"action\" value=\"forminator_submit_form_custom-forms\"><\/form><\/div>\n\n\n\n<div class=\"wp-block-columns is-layout-flex wp-container-core-columns-is-layout-9d6595d7 wp-block-columns-is-layout-flex\">\n<div class=\"wp-block-column is-layout-flow wp-block-column-is-layout-flow\" style=\"flex-basis:25%\">\n<figure class=\"wp-block-image size-full\"><img loading=\"lazy\" decoding=\"async\" width=\"240\" height=\"240\" src=\"https:\/\/gribshundensvanner.se\/wp-content\/uploads\/2022\/05\/pin-genomskinlig.png\" alt=\"\" class=\"wp-image-5\" srcset=\"https:\/\/gribshundensvanner.se\/wp-content\/uploads\/2022\/05\/pin-genomskinlig.png 240w, https:\/\/gribshundensvanner.se\/wp-content\/uploads\/2022\/05\/pin-genomskinlig-150x150.png 150w\" sizes=\"auto, (max-width: 240px) 100vw, 240px\" \/><figcaption>ill: Mats V\u00e4nehem<\/figcaption><\/figure>\n<\/div>\n\n\n\n<div class=\"wp-block-column is-layout-flow wp-block-column-is-layout-flow\" style=\"flex-basis:50%\">\n<p>Medlemsavgiften betalar du enklast via Swish p\u00e5 nr 123 260 3447. Avgiften \u00e4r 100 kr\/\u00e5r<\/p>\n\n\n\n<p>Om du har Swish installerat p\u00e5 din mobiltelefon, kan du scanna qr-koden till h\u00f6ger. Annars kan du betala till f\u00f6reningens bankgiro 5376-5277. \u00c4r ni flera medlemmar p\u00e5 samma adress, ange extra namnen n\u00e4r du betalar.<\/p>\n\n\n\n<p><\/p>\n<\/div>\n\n\n\n<div class=\"wp-block-column is-layout-flow wp-block-column-is-layout-flow\" style=\"flex-basis:25%\">\n<figure class=\"wp-block-image size-full\"><img loading=\"lazy\" decoding=\"async\" width=\"768\" height=\"870\" src=\"https:\/\/gribshundensvanner.se\/wp-content\/uploads\/2022\/05\/Swish_2-768x870-1.png\" alt=\"\" class=\"wp-image-311\" srcset=\"https:\/\/gribshundensvanner.se\/wp-content\/uploads\/2022\/05\/Swish_2-768x870-1.png 768w, https:\/\/gribshundensvanner.se\/wp-content\/uploads\/2022\/05\/Swish_2-768x870-1-265x300.png 265w\" sizes=\"auto, (max-width: 768px) 100vw, 768px\" \/><\/figure>\n<\/div>\n<\/div>\n","protected":false},"excerpt":{"rendered":"<p>Ans\u00f6k om medlemskap Medlemsavgiften betalar du enklast via Swish p\u00e5 nr 123 260 3447. Avgiften \u00e4r 100 kr\/\u00e5r Om du har Swish installerat p\u00e5 din mobiltelefon, kan du scanna qr-koden till h\u00f6ger. Annars kan du betala till f\u00f6reningens bankgiro 5376-5277. \u00c4r ni flera medlemmar p\u00e5 samma adress, ange extra namnen n\u00e4r du betalar.<\/p>\n","protected":false},"author":1,"featured_media":0,"parent":0,"menu_order":0,"comment_status":"closed","ping_status":"closed","template":"","meta":{"footnotes":""},"class_list":["post-305","page","type-page","status-publish","hentry"],"_links":{"self":[{"href":"https:\/\/gribshundensvanner.se\/index.php\/wp-json\/wp\/v2\/pages\/305","targetHints":{"allow":["GET"]}}],"collection":[{"href":"https:\/\/gribshundensvanner.se\/index.php\/wp-json\/wp\/v2\/pages"}],"about":[{"href":"https:\/\/gribshundensvanner.se\/index.php\/wp-json\/wp\/v2\/types\/page"}],"author":[{"embeddable":true,"href":"https:\/\/gribshundensvanner.se\/index.php\/wp-json\/wp\/v2\/users\/1"}],"replies":[{"embeddable":true,"href":"https:\/\/gribshundensvanner.se\/index.php\/wp-json\/wp\/v2\/comments?post=305"}],"version-history":[{"count":13,"href":"https:\/\/gribshundensvanner.se\/index.php\/wp-json\/wp\/v2\/pages\/305\/revisions"}],"predecessor-version":[{"id":459,"href":"https:\/\/gribshundensvanner.se\/index.php\/wp-json\/wp\/v2\/pages\/305\/revisions\/459"}],"wp:attachment":[{"href":"https:\/\/gribshundensvanner.se\/index.php\/wp-json\/wp\/v2\/media?parent=305"}],"curies":[{"name":"wp","href":"https:\/\/api.w.org\/{rel}","templated":true}]}}