{"id":276,"date":"2022-05-07T11:23:07","date_gmt":"2022-05-07T11:23:07","guid":{"rendered":"https:\/\/gribshundensvanner.se\/?page_id=276"},"modified":"2024-12-09T20:28:59","modified_gmt":"2024-12-09T20:28:59","slug":"det-hander","status":"publish","type":"page","link":"https:\/\/gribshundensvanner.se\/index.php\/det-hander\/","title":{"rendered":"Det h\u00e4nder"},"content":{"rendered":"\n<h2 class=\"wp-block-heading\">Aktiviteter<\/h2>\n\n\n\n<h4 class=\"wp-block-heading\">Fredagen den 18 &#8211; S\u00f6ndagen den 20 augusti 2023 <\/h4>\n\n\n\n<p>Gribshundens v\u00e4nner medverkar vid Karlshamn Boat Show (KBS) i V\u00e4gga med informationst\u00e4lt om hur Gribshundsprojektet fortl\u00f6per. KBS \u00e4r sydkustens st\u00f6rsta visning av b\u00e5tar och b\u00e5tn\u00e4ra information, och bes\u00f6karna kan r\u00e4knas i tusental. F\u00f6rutom b\u00e5tar finns caf\u00e9, matst\u00e4llen och andra trevliga familjeaktiviteter.<\/p>\n\n\n\n<div class=\"wp-block-columns is-layout-flex wp-container-core-columns-is-layout-9d6595d7 wp-block-columns-is-layout-flex\">\n<div class=\"wp-block-column is-layout-flow wp-block-column-is-layout-flow\" style=\"flex-basis:66.66%\">\n<h4 class=\"wp-block-heading\">S\u00f6ndagen den 28 augusti 14.00 &#8211; 16.00<\/h4>\n\n\n\n<p>Vad har man uppt\u00e4ckt f\u00f6rsta dykveckan efter den 21 augusti? Informationsm\u00f6te s\u00f6ndagen den 28 augusti kl 14.00 &#8211; 16.00 fr\u00e5n djupet. S\u00e5v\u00e4l medlemmar som de som \u00e4nnu inte \u00e4r medlemmar \u00e4r v\u00e4lkomna. Vi f\u00e5r d\u00e5 en orientering av dykare fr\u00e5n dykarlaget om vilka fynd och uppt\u00e4ckter som gjorts under f\u00f6rsta dykveckan. Informationen ges p\u00e5 Varvskrogen i Saxemara. Varvet i Saxemara \u00e4r den bas som dykningarna utg\u00e5r ifr\u00e5n.<\/p>\n\n\n\n<p><\/p>\n\n\n\n<h4 class=\"wp-block-heading\">Bes\u00f6k p\u00e5 Blekinge museums f\u00f6rem\u00e5lsmagasin i oktober<\/h4>\n<\/div>\n\n\n\n<div class=\"wp-block-column is-layout-flow wp-block-column-is-layout-flow\" style=\"flex-basis:33.33%\">\n<figure class=\"wp-block-image size-large\"><img loading=\"lazy\" decoding=\"async\" width=\"1024\" height=\"709\" src=\"https:\/\/gribshundensvanner.se\/wp-content\/uploads\/2022\/08\/IMG_6094-1-1-1024x709.jpeg\" alt=\"\" class=\"wp-image-567\" srcset=\"https:\/\/gribshundensvanner.se\/wp-content\/uploads\/2022\/08\/IMG_6094-1-1-1024x709.jpeg 1024w, https:\/\/gribshundensvanner.se\/wp-content\/uploads\/2022\/08\/IMG_6094-1-1-300x208.jpeg 300w, https:\/\/gribshundensvanner.se\/wp-content\/uploads\/2022\/08\/IMG_6094-1-1-768x532.jpeg 768w, https:\/\/gribshundensvanner.se\/wp-content\/uploads\/2022\/08\/IMG_6094-1-1-1536x1064.jpeg 1536w, https:\/\/gribshundensvanner.se\/wp-content\/uploads\/2022\/08\/IMG_6094-1-1-2048x1418.jpeg 2048w\" sizes=\"auto, (max-width: 1024px) 100vw, 1024px\" \/><figcaption class=\"wp-element-caption\">Dykarb\u00e5ten Brum har nu kommit \u00e5ter till Saxemara<\/figcaption><\/figure>\n<\/div>\n<\/div>\n\n\n\n<div class=\"wp-block-columns is-layout-flex wp-container-core-columns-is-layout-9d6595d7 wp-block-columns-is-layout-flex\">\n<div class=\"wp-block-column is-layout-flow wp-block-column-is-layout-flow\" style=\"flex-basis:66.66%\">\n<p>Bes\u00f6k p\u00e5 Blekinge museums magasin Rosenholm i samband med att f\u00f6rem\u00e5l fr\u00e5n V\u00e5ng och Gribshunden \u00e5terkommer till Blekinge efter avslutad konservering. Bes\u00f6ket \u00e4ger rum  i <strong>oktober<\/strong> och tar tv\u00e5 timmar. Bes\u00f6ket \u00e4r kostnadsfritt f\u00f6r betalande medlemmar. Definitivt datum meddelas i september. <a href=\"https:\/\/gribshundensvanner.se\/index.php\/eventanmalan\/\">F\u00f6ranm\u00e4lan<\/a> kan komma att kr\u00e4vas. H\u00e5ll utkik h\u00e4r p\u00e5 hemsidan n\u00e4r vi best\u00e4mt datum. <\/p>\n<\/div>\n\n\n\n<div class=\"wp-block-column is-layout-flow wp-block-column-is-layout-flow\" style=\"flex-basis:33.33%\">\n<figure class=\"wp-block-image size-full\"><img loading=\"lazy\" decoding=\"async\" width=\"283\" height=\"159\" src=\"https:\/\/gribshundensvanner.se\/wp-content\/uploads\/2022\/05\/rosenholm_magasin_10cm.gif\" alt=\"\" class=\"wp-image-277\"\/><\/figure>\n<\/div>\n<\/div>\n\n\n\n<div class=\"wp-block-columns is-layout-flex wp-container-core-columns-is-layout-9d6595d7 wp-block-columns-is-layout-flex\">\n<div class=\"wp-block-column is-layout-flow wp-block-column-is-layout-flow\" style=\"flex-basis:66.66%\">\n<p><\/p>\n<\/div>\n\n\n\n<div class=\"wp-block-column is-layout-flow wp-block-column-is-layout-flow\" style=\"flex-basis:33.33%\"><\/div>\n<\/div>\n\n\n\n<div class=\"wp-block-columns is-layout-flex wp-container-core-columns-is-layout-9d6595d7 wp-block-columns-is-layout-flex\">\n<div class=\"wp-block-column is-layout-flow wp-block-column-is-layout-flow\" style=\"flex-basis:66.66%\">\n<h4 class=\"wp-block-heading\">Informationstr\u00e4ff, Stockholm, november<\/h4>\n\n\n\n<p>Informationstr\u00e4ff i Stockholm p\u00e5 museet VRAK. Syftet \u00e4r att sprida information om projektets verksamhet och f\u00f6rhoppningsvis nyheter fr\u00e5n dykningarna.  Arrangemanget sker i samarbete med museet VRAK och Projekt Gribshunden. Begr\u00e4nsat antal till 25 personer. Prelimin\u00e4rt genomf\u00f6rs informationstr\u00e4ffen november. Datum meddelas senare. <a href=\"https:\/\/gribshundensvanner.se\/index.php\/eventanmalan\/\">F\u00f6ranm\u00e4lan<\/a> kan komma att  kr\u00e4vas. H\u00e5ll utkik h\u00e4r p\u00e5 hemsidan n\u00e4r vi best\u00e4mt datum.<\/p>\n<\/div>\n\n\n\n<div class=\"wp-block-column is-layout-flow wp-block-column-is-layout-flow\" style=\"flex-basis:33.33%\">\n<figure class=\"wp-block-image size-full\"><img loading=\"lazy\" decoding=\"async\" width=\"283\" height=\"159\" src=\"https:\/\/gribshundensvanner.se\/wp-content\/uploads\/2022\/05\/VRAK_inne_10-cm.gif\" alt=\"\" class=\"wp-image-300\"\/><\/figure>\n<\/div>\n<\/div>\n\n\n\n<div class=\"wp-block-columns is-layout-flex wp-container-core-columns-is-layout-9d6595d7 wp-block-columns-is-layout-flex\">\n<div class=\"wp-block-column is-layout-flow wp-block-column-is-layout-flow\" style=\"flex-basis:66.66%\">\n<p><\/p>\n\n\n\n<h4 class=\"wp-block-heading\">Studieresa till M\/S Museet f\u00f6r sj\u00f6fart i Helsing\u00f6r<\/h4>\n\n\n\n<p>15 november 2024 arrangerade v\u00e4nf\u00f6reningen en studieresa till Helsing\u00f6rs Sj\u00f6fartsmuseum.<\/p>\n\n\n\n<p>P\u00e5 temautst\u00e4llningen \u201d\u00d6stersj\u00f6ns g\u00e5tor- ekon fr\u00e5n djupet\u201d f\u00e5r Gribshunden en framskjuten presentation.<\/p>\n\n\n\n<p>Resan gick med buss fr\u00e5n Ronneby via Lund. P\u00e5 plats fick vi guidad visning, lunch och lite egen tid innan f\u00e4rden gick hem\u00e5t.<\/p>\n\n\n\n<p>Tillsammans med f\u00f6reningens ordf\u00f6rande Peter Althin deltog 23 medlemmar p\u00e5 resan.<\/p>\n\n\n\n<figure class=\"wp-block-image size-large\"><img loading=\"lazy\" decoding=\"async\" width=\"1024\" height=\"576\" src=\"https:\/\/gribshundensvanner.se\/wp-content\/uploads\/2024\/12\/image-2-1024x576.png\" alt=\"\" class=\"wp-image-851\" srcset=\"https:\/\/gribshundensvanner.se\/wp-content\/uploads\/2024\/12\/image-2-1024x576.png 1024w, https:\/\/gribshundensvanner.se\/wp-content\/uploads\/2024\/12\/image-2-300x169.png 300w, https:\/\/gribshundensvanner.se\/wp-content\/uploads\/2024\/12\/image-2-768x432.png 768w, https:\/\/gribshundensvanner.se\/wp-content\/uploads\/2024\/12\/image-2-1536x864.png 1536w, https:\/\/gribshundensvanner.se\/wp-content\/uploads\/2024\/12\/image-2-2048x1152.png 2048w\" sizes=\"auto, (max-width: 1024px) 100vw, 1024px\" \/><\/figure>\n<\/div>\n\n\n\n<div class=\"wp-block-column is-layout-flow wp-block-column-is-layout-flow\" style=\"flex-basis:33.33%\"><\/div>\n<\/div>\n","protected":false},"excerpt":{"rendered":"<p>Aktiviteter Fredagen den 18 &#8211; S\u00f6ndagen den 20 augusti 2023 Gribshundens v\u00e4nner medverkar vid Karlshamn Boat Show (KBS) i V\u00e4gga med informationst\u00e4lt om hur Gribshundsprojektet fortl\u00f6per. KBS \u00e4r sydkustens st\u00f6rsta visning av b\u00e5tar och b\u00e5tn\u00e4ra information, och bes\u00f6karna kan r\u00e4knas i tusental. F\u00f6rutom b\u00e5tar finns caf\u00e9, matst\u00e4llen och andra trevliga familjeaktiviteter. S\u00f6ndagen den 28 augusti [&hellip;]<\/p>\n","protected":false},"author":1,"featured_media":0,"parent":0,"menu_order":0,"comment_status":"closed","ping_status":"closed","template":"","meta":{"footnotes":""},"class_list":["post-276","page","type-page","status-publish","hentry"],"_links":{"self":[{"href":"https:\/\/gribshundensvanner.se\/index.php\/wp-json\/wp\/v2\/pages\/276","targetHints":{"allow":["GET"]}}],"collection":[{"href":"https:\/\/gribshundensvanner.se\/index.php\/wp-json\/wp\/v2\/pages"}],"about":[{"href":"https:\/\/gribshundensvanner.se\/index.php\/wp-json\/wp\/v2\/types\/page"}],"author":[{"embeddable":true,"href":"https:\/\/gribshundensvanner.se\/index.php\/wp-json\/wp\/v2\/users\/1"}],"replies":[{"embeddable":true,"href":"https:\/\/gribshundensvanner.se\/index.php\/wp-json\/wp\/v2\/comments?post=276"}],"version-history":[{"count":35,"href":"https:\/\/gribshundensvanner.se\/index.php\/wp-json\/wp\/v2\/pages\/276\/revisions"}],"predecessor-version":[{"id":869,"href":"https:\/\/gribshundensvanner.se\/index.php\/wp-json\/wp\/v2\/pages\/276\/revisions\/869"}],"wp:attachment":[{"href":"https:\/\/gribshundensvanner.se\/index.php\/wp-json\/wp\/v2\/media?parent=276"}],"curies":[{"name":"wp","href":"https:\/\/api.w.org\/{rel}","templated":true}]}}