{"id":189,"date":"2022-05-07T10:53:06","date_gmt":"2022-05-07T10:53:06","guid":{"rendered":"https:\/\/gribshundensvanner.se\/?page_id=189"},"modified":"2022-05-19T09:52:33","modified_gmt":"2022-05-19T09:52:33","slug":"historien","status":"publish","type":"page","link":"https:\/\/gribshundensvanner.se\/index.php\/historien\/","title":{"rendered":"Historien"},"content":{"rendered":"\n<h2 class=\"wp-block-heading\">Ett museum i v\u00e4rldsklass<\/h2>\n\n\n\n<div class=\"wp-block-columns is-layout-flex wp-container-core-columns-is-layout-9d6595d7 wp-block-columns-is-layout-flex\">\n<div class=\"wp-block-column is-layout-flow wp-block-column-is-layout-flow\" style=\"flex-basis:66.66%\">\n<blockquote class=\"wp-block-quote is-layout-flow wp-block-quote-is-layout-flow\"><p>\u201dRonneby kommun har f\u00f6r avsikt att bygga ett museum med s\u00e5dan kvalitet att det utg\u00f6r ett internationellt bes\u00f6ksm\u00e5l\u201d<\/p><cite>I b\u00f6rjan av 2020 gav kommunen en avsiktsf\u00f6rklaring f\u00f6r arbetet med ett museum i Ronneby.<\/cite><\/blockquote>\n\n\n\n<p><br>M\u00e5let \u00e4r ett museum d\u00e4r bes\u00f6karna ska f\u00e5 uppleva historien kring flaggskeppet Gribshunden, j\u00e4rn\u00e5ldersbyn i V\u00e4stra V\u00e5ng och Ronnebys historia utifr\u00e5n ett internationellt, ett regionalt och ett lokalt perspektiv. Nutida museer bygger ofta p\u00e5 upplevelser, modern teknik och numera l\u00e5ter man ofta fynden presenteras genom digital teknik ist\u00e4llet f\u00f6r att b\u00e4rgas och konserveras. Ett antal skisser har presenterats, och h\u00e4r \u00e4r en skiss av Bj\u00f6rn Ollner.<\/p>\n<\/div>\n\n\n\n<div class=\"wp-block-column is-layout-flow wp-block-column-is-layout-flow\" style=\"flex-basis:33.33%\">\n<figure class=\"wp-block-image size-full is-style-default\"><img loading=\"lazy\" decoding=\"async\" width=\"440\" height=\"216\" src=\"https:\/\/gribshundensvanner.se\/wp-content\/uploads\/2022\/05\/image-1.jpeg\" alt=\"\" class=\"wp-image-191\" srcset=\"https:\/\/gribshundensvanner.se\/wp-content\/uploads\/2022\/05\/image-1.jpeg 440w, https:\/\/gribshundensvanner.se\/wp-content\/uploads\/2022\/05\/image-1-300x147.jpeg 300w\" sizes=\"auto, (max-width: 440px) 100vw, 440px\" \/><figcaption>En skiss av hur ett museum i v\u00e4rldsklass skulle kunna se ut integrerad med befintlig byggnad i Ronneby. Ill Bj\u00f6rn Ollner<br><\/figcaption><\/figure>\n<\/div>\n<\/div>\n\n\n\n<h4 class=\"wp-block-heading\">Kallvattenkuren<\/h4>\n\n\n\n<p>Grundtankarna till det nya museet finns idag presenterat i i Kallvattenkuren i Ronneby Brunnspark, dit allm\u00e4nheten h\u00e4lsas v\u00e4lkommen. H\u00e4r finns ocks\u00e5 museets projektkontor. D\u00e4r kan man f\u00f6lja arbetet och se de f\u00f6rslag som finns. Mer information finns under l\u00e4nken <a href=\"https:\/\/ronneby.se\/sidowebbplatser\/ronneby-den-moderna-kuratorn\/platsutvecklingsprojekt\/projekt-gribshunden---drommen-om-ett-museum.html\" data-type=\"URL\" data-id=\"https:\/\/ronneby.se\/sidowebbplatser\/ronneby-den-moderna-kuratorn\/platsutvecklingsprojekt\/projekt-gribshunden---drommen-om-ett-museum.html\">Dr\u00f6mmen om ett museum.<\/a> Man kan ocks\u00e5 framf\u00f6ra sina synpunkter samt bes\u00f6ka utst\u00e4llningen om Gribshunden och se en del av de fynd som gjorts i j\u00e4rn\u00e5ldersbyn i V\u00e5ng vid Johannishus.<\/p>\n\n\n\n<div class=\"wp-block-columns is-layout-flex wp-container-core-columns-is-layout-9d6595d7 wp-block-columns-is-layout-flex\">\n<div class=\"wp-block-column is-layout-flow wp-block-column-is-layout-flow\">\n<div class=\"wp-block-image is-style-default\"><figure class=\"alignright size-full is-resized\"><img loading=\"lazy\" decoding=\"async\" src=\"https:\/\/gribshundensvanner.se\/wp-content\/uploads\/2022\/05\/Kallvattenkuren.png\" alt=\"\" class=\"wp-image-196\" width=\"485\" height=\"382\" srcset=\"https:\/\/gribshundensvanner.se\/wp-content\/uploads\/2022\/05\/Kallvattenkuren.png 528w, https:\/\/gribshundensvanner.se\/wp-content\/uploads\/2022\/05\/Kallvattenkuren-300x236.png 300w\" sizes=\"auto, (max-width: 485px) 100vw, 485px\" \/><figcaption>Kallvattenkuren<\/figcaption><\/figure><\/div>\n<\/div>\n\n\n\n<div class=\"wp-block-column is-layout-flow wp-block-column-is-layout-flow\">\n<div class=\"wp-block-image\"><figure class=\"alignright size-large is-resized\"><img loading=\"lazy\" decoding=\"async\" src=\"https:\/\/gribshundensvanner.se\/wp-content\/uploads\/2022\/05\/utstallningen-922x1024.png\" alt=\"\" class=\"wp-image-443\" width=\"340\" height=\"377\" srcset=\"https:\/\/gribshundensvanner.se\/wp-content\/uploads\/2022\/05\/utstallningen-922x1024.png 922w, https:\/\/gribshundensvanner.se\/wp-content\/uploads\/2022\/05\/utstallningen-270x300.png 270w, https:\/\/gribshundensvanner.se\/wp-content\/uploads\/2022\/05\/utstallningen-768x853.png 768w, https:\/\/gribshundensvanner.se\/wp-content\/uploads\/2022\/05\/utstallningen-1382x1536.png 1382w, https:\/\/gribshundensvanner.se\/wp-content\/uploads\/2022\/05\/utstallningen-1843x2048.png 1843w\" sizes=\"auto, (max-width: 340px) 100vw, 340px\" \/><figcaption>Utst\u00e4llning i Kallvattenkuren<\/figcaption><\/figure><\/div>\n\n\n\n<p class=\"has-text-align-left\"> <\/p>\n<\/div>\n<\/div>\n\n\n\n<h4 class=\"wp-block-heading\">F\u00f6reningen Gribshundens v\u00e4nner<\/h4>\n\n\n\n<p>F\u00f6reningen Gribshundens v\u00e4nner \u00e4r en ideell f\u00f6rening som grundades 2019 av advokat Peter Althin. F\u00f6reningen har drygt 200 medlemmar, och f\u00f6reningen arrangerar i samverkan med bl.a. Gribshundens projektkontor programpunkter och evenemang runt f\u00f6reningens vision.<\/p>\n\n\n\n<p>Blekinge blev inte helt svenskt f\u00f6rr\u00e4n vid freden i Roskilde 1658, utan var dessf\u00f6rinnan danskt. F\u00f6r m\u00e5nga i Sverige \u00e4r historien under den tid det inte tillh\u00f6rde Sverige relativt ok\u00e4nd, likav\u00e4l som Blekinge f\u00f6r Danmark efter 1658 har varit ganska ointressant. Under de senaste 20 \u00e5ren har emellertid ett antal historiska fynd av v\u00e4rldshistoriskt intresse gjorts.<\/p>\n\n\n\n<p>F\u00f6reningen har d\u00e4rf\u00f6r som vision att medverka vid tillkomsten av ett fullkomligt unikt museum i Ronneby med fokus p\u00e5 Kung Hans senmedeltida flaggskepp Gribshunden men \u00e4ven fokus och forskning runt den medeltida staden Ronneby och j\u00e4rn\u00e5ldersbyn i V\u00e5ng vid Johannishus.<\/p>\n\n\n\n<h2 class=\"wp-block-heading\">Gribshunden<\/h2>\n\n\n\n<div class=\"wp-block-columns is-layout-flex wp-container-core-columns-is-layout-9d6595d7 wp-block-columns-is-layout-flex\">\n<div class=\"wp-block-column is-layout-flow wp-block-column-is-layout-flow\" style=\"flex-basis:66.66%\">\n<p>1495 avseglade kung Hans fr\u00e5n K\u00f6penhamn. M\u00e5let var Kalmar, d\u00e4r Kalmarunionens framtid skulle diskuteras. Flaggskeppet Gribshunden var ett bestyckat \u00f6rlogsfartyg, 35 meter l\u00e5ngt och 12 meter brett.<br>Av n\u00e5gon anledning, kanske p\u00e5 grund av en storm, best\u00e4mde sig kung Hans f\u00f6r att stanna till i Ronneby p\u00e5 v\u00e4gen. Gribshunden ankrade vid Stora Ek\u00f6n, som var en v\u00e4lk\u00e4nd ankringsplats, och ett annat skepp tog troligen kung Hans in till Ronneby. Detta kom att r\u00e4dda hans liv. En brand utbr\u00f6t ombord och Gribshunden sj\u00f6nk till botten. Bes\u00e4ttningen var cirka 150 personer.<\/p>\n\n\n\n<p>D\u00e4r har den legat bortgl\u00f6md, fram till det senaste sekelskiftet n\u00e4r den lokala dykarklubben Doppingarna b\u00f6rjade fundera \u00f6ver vad det egentligen var f\u00f6r vrak de brukade dyka kring. Ett b\u00e4rgat f\u00f6rem\u00e5l (som senare visade sig vara en kanonlavett) fotograferades och bilderna synades av marinarkeologer vid Kalmar l\u00e4ns museum. D\u00e4r f\u00f6rstod man ganska snabbt att det h\u00e4r inte var vilket skepp som helst.<\/p>\n<\/div>\n\n\n\n<div class=\"wp-block-column is-layout-flow wp-block-column-is-layout-flow\" style=\"flex-basis:33.33%\">\n<figure class=\"wp-block-image size-full is-style-default\"><img loading=\"lazy\" decoding=\"async\" width=\"768\" height=\"576\" src=\"https:\/\/gribshundensvanner.se\/wp-content\/uploads\/2022\/05\/Tavla_Havsbad-768x576-1.png\" alt=\"\" class=\"wp-image-220\" srcset=\"https:\/\/gribshundensvanner.se\/wp-content\/uploads\/2022\/05\/Tavla_Havsbad-768x576-1.png 768w, https:\/\/gribshundensvanner.se\/wp-content\/uploads\/2022\/05\/Tavla_Havsbad-768x576-1-300x225.png 300w\" sizes=\"auto, (max-width: 768px) 100vw, 768px\" \/><figcaption>Utsiktsplats fr\u00e5n Gribshundens havsbad i Saxemara ut mot f\u00f6rlisningsplatsen som \u00e4r markerad med fiske- och dykf\u00f6rbud p\u00e5 sj\u00f6kortet strax norr om St Ek\u00f6n.<\/figcaption><\/figure>\n<\/div>\n<\/div>\n\n\n\n<div class=\"wp-block-image is-style-default\"><figure class=\"aligncenter size-full is-resized\"><img loading=\"lazy\" decoding=\"async\" src=\"https:\/\/gribshundensvanner.se\/wp-content\/uploads\/2022\/05\/lavettreplika-1024x775-1.jpg\" alt=\"\" class=\"wp-image-225\" width=\"840\" height=\"635\" srcset=\"https:\/\/gribshundensvanner.se\/wp-content\/uploads\/2022\/05\/lavettreplika-1024x775-1.jpg 1024w, https:\/\/gribshundensvanner.se\/wp-content\/uploads\/2022\/05\/lavettreplika-1024x775-1-300x227.jpg 300w, https:\/\/gribshundensvanner.se\/wp-content\/uploads\/2022\/05\/lavettreplika-1024x775-1-768x581.jpg 768w\" sizes=\"auto, (max-width: 840px) 100vw, 840px\" \/><figcaption>Kopia av kanonlavett med kanon. Ett stort antal rester av kanonlavetter har \u00e5terfunnits p\u00e5 Gribshunden, men metallen i sj\u00e4lva kanonerna har dessv\u00e4rre rostat s\u00f6nder eller m\u00f6jligtvis tidigare b\u00e4rgats. P\u00e5 bilden syns en nytillverkad kopia av kanon med lavett.<br><\/figcaption><\/figure><\/div>\n\n\n\n<div class=\"wp-block-columns is-layout-flex wp-container-core-columns-is-layout-9d6595d7 wp-block-columns-is-layout-flex\">\n<div class=\"wp-block-column is-layout-flow wp-block-column-is-layout-flow\" style=\"flex-basis:66.66%\">\n<p>2015 lyckades man b\u00e4rga skeppets figurhuvud\/galjonsfigur som f\u00f6rest\u00e4ller ett krokodilliknande monster som slukar en m\u00e4nniska. Man har ocks\u00e5 b\u00e4rgat flera kanonlavetter, ankarspel, delar av en ringbrynja, armborstpilar med mera. Dykningar p\u00e5g\u00e5r kontinuerligt och nya fynd g\u00f6rs hela tiden.<\/p>\n\n\n\n<p>Gribshunden \u00e4r samtida med Christofer Columbus skepp Santa Maria och Vasco da Gamas S\u00e3o Gabriel. Det \u00e4r en viktig pusselbit i f\u00f6rst\u00e5elsen av de nordiska flottornas tidiga utveckling och utbyggnad. Den senmedeltida skeppsbyggnadskonsten \u00e4r relativt outforskad i det skandinaviska omr\u00e5det varf\u00f6r Gribshundenvraket hyser stor framtida forskningspotential.&nbsp;<\/p>\n\n\n\n<p>Gribshunden \u00e4r det b\u00e4st bevarade arkeologiska fyndet i hela v\u00e4rlden som gjorts av denna typ av skepp och fr\u00e5n denna tid.&nbsp;<\/p>\n\n\n\n<p>Hur gick det d\u00e5 f\u00f6r kung Hans? Jo, han tog sig till m\u00f6tet i Kalmar (utan Gribshunden). Det blev dock ingen succ\u00e9 eftersom de svenska delegaterna var sex veckor f\u00f6rsenade och inte kom fram f\u00f6rr\u00e4n kung Hans rest tillbaka till K\u00f6penhamn. Senare blev han \u00e4nd\u00e5 kung \u00e4ven i Sverige och skrevs in i den svenska kungal\u00e4ngden som Johan II.&nbsp;<\/p>\n<\/div>\n\n\n\n<div class=\"wp-block-column is-layout-flow wp-block-column-is-layout-flow\" style=\"flex-basis:33.33%\">\n<figure class=\"wp-block-image size-full\"><img loading=\"lazy\" decoding=\"async\" width=\"1024\" height=\"768\" src=\"https:\/\/gribshundensvanner.se\/wp-content\/uploads\/2022\/05\/Del-av-armborst-1-1024x768-1.jpg\" alt=\"\" class=\"wp-image-233\" srcset=\"https:\/\/gribshundensvanner.se\/wp-content\/uploads\/2022\/05\/Del-av-armborst-1-1024x768-1.jpg 1024w, https:\/\/gribshundensvanner.se\/wp-content\/uploads\/2022\/05\/Del-av-armborst-1-1024x768-1-300x225.jpg 300w, https:\/\/gribshundensvanner.se\/wp-content\/uploads\/2022\/05\/Del-av-armborst-1-1024x768-1-768x576.jpg 768w\" sizes=\"auto, (max-width: 1024px) 100vw, 1024px\" \/><\/figure>\n<\/div>\n<\/div>\n\n\n\n<h4 class=\"wp-block-heading\">Fynden i V\u00e5ng<\/h4>\n\n\n\n<p>De arkeologiska fynden fr\u00e5n byn V\u00e4stra V\u00e5ng ber\u00e4ttar en unik historia om makt, religion och f\u00f6rhistorisk vardag. Byn var som st\u00f6rst f\u00f6r 1500 \u00e5r sedan (500 \u2013 700 e. kr.) men var ett viktigt centrum under hela j\u00e4rn\u00e5ldern, fr\u00e5n n\u00e5gra hundra \u00e5r f\u00f6re v\u00e5r tider\u00e4kning och fram till Blekinges kristnande p\u00e5 1100-talet.&nbsp;<\/p>\n\n\n\n<p>2012 p\u00e5tr\u00e4ffade man rester av en hallbyggnad eller tempel. De rituella traditionerna g\u00e5r att f\u00f6lja under l\u00e5ng tid och fynden talar sitt tydliga spr\u00e5k: bronskittlar, glasb\u00e4gare, vapenoffer och inte minst guldgubbar, sm\u00e5 rituella objekt som troligtvis anv\u00e4ndes f\u00f6r att f\u00f6rsegla s\u00e5v\u00e4l andliga som ekonomiska kontrakt. Fynden tyder p\u00e5 att detta var en plats som var k\u00e4nd i ett st\u00f6rre omr\u00e5de, och att de som bodde d\u00e4r hade kontaker med \u00d6stersj\u00f6omr\u00e5det men \u00e4ven med resterna av det romerska riket p\u00e5 kontinenten.<\/p>\n\n\n\n<div class=\"wp-block-columns is-layout-flex wp-container-core-columns-is-layout-9d6595d7 wp-block-columns-is-layout-flex\">\n<div class=\"wp-block-column is-layout-flow wp-block-column-is-layout-flow\">\n<div class=\"wp-block-image\"><figure class=\"alignleft size-full is-resized\"><img loading=\"lazy\" decoding=\"async\" src=\"https:\/\/gribshundensvanner.se\/wp-content\/uploads\/2022\/05\/A_Arkeolog_vang_5_-768x491-1.jpg\" alt=\"\" class=\"wp-image-236\" width=\"505\" height=\"323\" srcset=\"https:\/\/gribshundensvanner.se\/wp-content\/uploads\/2022\/05\/A_Arkeolog_vang_5_-768x491-1.jpg 768w, https:\/\/gribshundensvanner.se\/wp-content\/uploads\/2022\/05\/A_Arkeolog_vang_5_-768x491-1-300x192.jpg 300w\" sizes=\"auto, (max-width: 505px) 100vw, 505px\" \/><figcaption>Jordlager gr\u00e4vs bort f\u00f6r att sedan silas och unders\u00f6kas.<\/figcaption><\/figure><\/div>\n<\/div>\n\n\n\n<div class=\"wp-block-column is-layout-flow wp-block-column-is-layout-flow\">\n<div class=\"wp-block-image\"><figure class=\"alignright size-full is-resized\"><img loading=\"lazy\" decoding=\"async\" src=\"https:\/\/gribshundensvanner.se\/wp-content\/uploads\/2022\/05\/guldmonytering-1.jpg\" alt=\"\" class=\"wp-image-240\" width=\"330\" height=\"330\" srcset=\"https:\/\/gribshundensvanner.se\/wp-content\/uploads\/2022\/05\/guldmonytering-1.jpg 690w, https:\/\/gribshundensvanner.se\/wp-content\/uploads\/2022\/05\/guldmonytering-1-300x300.jpg 300w, https:\/\/gribshundensvanner.se\/wp-content\/uploads\/2022\/05\/guldmonytering-1-150x150.jpg 150w\" sizes=\"auto, (max-width: 330px) 100vw, 330px\" \/><figcaption>Guldfynd fr\u00e5n V\u00e5ng<br><\/figcaption><\/figure><\/div>\n<\/div>\n<\/div>\n\n\n\n<h2 class=\"wp-block-heading\">Ronnebys historia<\/h2>\n\n\n\n<p>Redan under 1100-talet byggdes Heliga Kors kyrka mitt i Ronneby stadsk\u00e4rna. Idag b\u00e4r kyrkan sp\u00e5r fr\u00e5n s\u00e5v\u00e4l katolsk som protestantisk och svensk som dansk tid.&nbsp;Under 1200-talet n\u00e4mns Ronneby f\u00f6r f\u00f6rsta g\u00e5ngen som ett \u201dkungalev\u201d vilket var ett administrativt centrum f\u00f6r den danska kungamakten. Ronneby var en knutpunkt d\u00e4r v\u00e4gen Via Regia (kungens v\u00e4g) och den segelbara Ronneby\u00e5n korsades.&nbsp;<\/p>\n\n\n\n<p>1564 var det Nordiska sju\u00e5rskriget i full g\u00e5ng. Den 4 september intogs Ronneby av svenska trupper. Massakern d\u00e4r varken kvinnor eller barn skonades kom att kallas Ronneby blodbad, d\u00e5 Ronneby\u00e5ns vatten f\u00e4rgades r\u00f6tt av blodet fr\u00e5n alla d\u00f6da kroppar.&nbsp;<\/p>\n\n\n\n<p>I slutet av 1600-talet var Ronneby den n\u00e4stst\u00f6rsta exporthamnen i de gamla \u00f6stdanska provinserna. Ronneby var d\u00e5 den enda staden i Blekinge som fick bedriva utrikeshandel. Vid freden i Roskilde 1658 tillf\u00f6ll Blekinge Sverige och 1680 \u00f6vergick handelsr\u00e4ttigheterna till den nya staden Karlskrona.&nbsp;<\/p>\n\n\n\n<p>1864 f\u00f6rst\u00f6rde en stadsbrand st\u00f6rre delen av staden. Endast stadsdelen Bergslagen och omr\u00e5det kring Heliga Kors kyrka klarade sig.<\/p>\n\n\n\n<p>1705 uppt\u00e4cktes Ronneby h\u00e4lsobrunn, och \u00e4ven om brunnseran upph\u00f6rde 1939 kan man fortfarande \u201ddricka brunn\u201d i k\u00e4llan i Ronneby Brunnspark<\/p>\n\n\n\n<p> <\/p>\n\n\n\n<div class=\"wp-block-image\"><figure class=\"aligncenter size-full\"><img loading=\"lazy\" decoding=\"async\" width=\"622\" height=\"569\" src=\"https:\/\/gribshundensvanner.se\/wp-content\/uploads\/2022\/05\/ronneby.png\" alt=\"\" class=\"wp-image-242\" srcset=\"https:\/\/gribshundensvanner.se\/wp-content\/uploads\/2022\/05\/ronneby.png 622w, https:\/\/gribshundensvanner.se\/wp-content\/uploads\/2022\/05\/ronneby-300x274.png 300w\" sizes=\"auto, (max-width: 622px) 100vw, 622px\" \/><figcaption>Ronneby Munktrappan, Bild av Henrik Sendelbach<\/figcaption><\/figure><\/div>\n","protected":false},"excerpt":{"rendered":"<p>Ett museum i v\u00e4rldsklass \u201dRonneby kommun har f\u00f6r avsikt att bygga ett museum med s\u00e5dan kvalitet att det utg\u00f6r ett internationellt bes\u00f6ksm\u00e5l\u201d I b\u00f6rjan av 2020 gav kommunen en avsiktsf\u00f6rklaring f\u00f6r arbetet med ett museum i Ronneby. M\u00e5let \u00e4r ett museum d\u00e4r bes\u00f6karna ska f\u00e5 uppleva historien kring flaggskeppet Gribshunden, j\u00e4rn\u00e5ldersbyn i V\u00e4stra V\u00e5ng och [&hellip;]<\/p>\n","protected":false},"author":1,"featured_media":0,"parent":0,"menu_order":0,"comment_status":"closed","ping_status":"closed","template":"","meta":{"footnotes":""},"class_list":["post-189","page","type-page","status-publish","hentry"],"_links":{"self":[{"href":"https:\/\/gribshundensvanner.se\/index.php\/wp-json\/wp\/v2\/pages\/189","targetHints":{"allow":["GET"]}}],"collection":[{"href":"https:\/\/gribshundensvanner.se\/index.php\/wp-json\/wp\/v2\/pages"}],"about":[{"href":"https:\/\/gribshundensvanner.se\/index.php\/wp-json\/wp\/v2\/types\/page"}],"author":[{"embeddable":true,"href":"https:\/\/gribshundensvanner.se\/index.php\/wp-json\/wp\/v2\/users\/1"}],"replies":[{"embeddable":true,"href":"https:\/\/gribshundensvanner.se\/index.php\/wp-json\/wp\/v2\/comments?post=189"}],"version-history":[{"count":56,"href":"https:\/\/gribshundensvanner.se\/index.php\/wp-json\/wp\/v2\/pages\/189\/revisions"}],"predecessor-version":[{"id":447,"href":"https:\/\/gribshundensvanner.se\/index.php\/wp-json\/wp\/v2\/pages\/189\/revisions\/447"}],"wp:attachment":[{"href":"https:\/\/gribshundensvanner.se\/index.php\/wp-json\/wp\/v2\/media?parent=189"}],"curies":[{"name":"wp","href":"https:\/\/api.w.org\/{rel}","templated":true}]}}