{"id":138,"date":"2022-08-22T10:26:00","date_gmt":"2022-08-22T10:26:00","guid":{"rendered":"https:\/\/gribshundensvanner.se\/?page_id=138"},"modified":"2023-03-24T09:10:42","modified_gmt":"2023-03-24T09:10:42","slug":"omvarld","status":"publish","type":"page","link":"https:\/\/gribshundensvanner.se\/index.php\/omvarld\/","title":{"rendered":"V\u00e5r omv\u00e4rld"},"content":{"rendered":"\r\n<h2 class=\"wp-block-heading\">Gribshunden i media<\/h2>\r\n\r\n\r\n\r\n<div class=\"wp-block-columns is-layout-flex wp-container-core-columns-is-layout-9d6595d7 wp-block-columns-is-layout-flex\">\r\n<div class=\"wp-block-column is-layout-flow wp-block-column-is-layout-flow\" style=\"flex-basis:66.66%\">\r\n<h4 class=\"wp-block-heading\">Smithsonian Magazine<\/h4>\r\n\r\n\r\n\r\n<p>Smithsonian Magazine nov 2021. Smithsonian Magazine \u00e4r USA:a och v\u00e4rldens mest respekterade tidskrift f\u00f6r historia och vetenskap och har samr\u00f6re med Smithsonian Institution som forskar och ansvarar f\u00f6r ett drygt tjugotal s.k. nationalmuseer i USA<\/p>\r\n\r\n\r\n\r\n<p>L\u00e4s artikeln <a href=\"https:\/\/www.smithsonianmag.com\/history\/extraordinary-500-year-old-shipwreck-rewriting-history-age-discovery-180978825\/\">h\u00e4r<\/a>.<\/p>\r\n<\/div>\r\n\r\n\r\n\r\n<div class=\"wp-block-column is-layout-flow wp-block-column-is-layout-flow\" style=\"flex-basis:33.33%\">\r\n<figure class=\"wp-block-image size-full\"><img loading=\"lazy\" decoding=\"async\" width=\"498\" height=\"360\" src=\"https:\/\/gribshundensvanner.se\/wp-content\/uploads\/2022\/05\/karta_sverige.gif-.png\" alt=\"\" class=\"wp-image-144\" srcset=\"https:\/\/gribshundensvanner.se\/wp-content\/uploads\/2022\/05\/karta_sverige.gif-.png 498w, https:\/\/gribshundensvanner.se\/wp-content\/uploads\/2022\/05\/karta_sverige.gif--300x217.png 300w\" sizes=\"auto, (max-width: 498px) 100vw, 498px\" \/><figcaption class=\"wp-element-caption\">Karta fr\u00e5n Smithsonian Magasin<\/figcaption><\/figure>\r\n<\/div>\r\n<\/div>\r\n\r\n\r\n\r\n<div class=\"wp-block-columns is-layout-flex wp-container-core-columns-is-layout-9d6595d7 wp-block-columns-is-layout-flex\">\r\n<div class=\"wp-block-column is-layout-flow wp-block-column-is-layout-flow\" style=\"flex-basis:66.66%\">\r\n<h4 class=\"wp-block-heading\">Der Spiegel<\/h4>\r\n\r\n\r\n\r\n<p>Tyska tidskriften DER SPIEGEL hade 2021 ett stort reportage om Gribshunden som kungligt krigsfartyg. Det har v\u00e4ck stor uppst\u00e5ndelse i Tyskland.<\/p>\r\n\r\n\r\n\r\n<p>Det amerikanske filmbolaget PBS NOVA spelade 2019 in en entimmesfilm som visats i ett antal l\u00e4nder, med miljontals tittare.<\/p>\r\n\r\n\r\n\r\n<p>I Sverige s\u00e4ndes filmen i Vetenskapens v\u00e4rld h\u00f6sten 2021 under namnet \u201dFartygen som f\u00f6r\u00e4ndrade v\u00e4rlden\u201d och hade drygt <\/p>\r\n\r\n\r\n\r\n<p>440 000 tittare. <\/p>\r\n\r\n\r\n\r\n<p><a href=\"https:\/\/www.svtplay.se\/video\/j76x2ym\/vetenskapens-varld\/fartygen-som-forandrade-varlden?id=egvvmE9\">https:\/\/www.svtplay.se\/video\/j76x2ym\/vetenskapens-varld\/fartygen-som-forandrade-varlden?id=egvvmE9<\/a><\/p>\r\n<\/div>\r\n\r\n\r\n\r\n<div class=\"wp-block-column is-layout-flow wp-block-column-is-layout-flow\" style=\"flex-basis:33.33%\">\r\n<figure class=\"wp-block-image size-full\"><img loading=\"lazy\" decoding=\"async\" width=\"520\" height=\"650\" src=\"https:\/\/gribshundensvanner.se\/wp-content\/uploads\/2022\/05\/OMVARLD_DerSpiegel.jpg\" alt=\"\" class=\"wp-image-146\" srcset=\"https:\/\/gribshundensvanner.se\/wp-content\/uploads\/2022\/05\/OMVARLD_DerSpiegel.jpg 520w, https:\/\/gribshundensvanner.se\/wp-content\/uploads\/2022\/05\/OMVARLD_DerSpiegel-240x300.jpg 240w\" sizes=\"auto, (max-width: 520px) 100vw, 520px\" \/><\/figure>\r\n<\/div>\r\n<\/div>\r\n\r\n\r\n\r\n<h4 class=\"wp-block-heading\">Gribshunden p\u00e5 YouTube<\/h4>\r\n\r\n\r\n\r\n<p>Det finns ocks\u00e5 ett antal klipp och intervjuer p\u00e5 <a href=\"https:\/\/www.youtube.com\/results?search_query=gribshunden\">YouTube<\/a> som visar Gribshunden.<\/p>\r\n\r\n\r\n\r\n<hr class=\"wp-block-separator has-css-opacity aligncenter\"\/>\r\n\r\n\r\n\r\n<div class=\"wp-block-columns is-layout-flex wp-container-core-columns-is-layout-9d6595d7 wp-block-columns-is-layout-flex\">\r\n<div class=\"wp-block-column is-layout-flow wp-block-column-is-layout-flow\" style=\"flex-basis:66.66%\">\r\n<h4 class=\"wp-block-heading\">Politiken<\/h4>\r\n\r\n\r\n\r\n<p>Den danske tidskriften Politiken publicerade den 7 aug 2022 en fyrsidig artikel om Gribshunden. L\u00e4s den <a href=\"https:\/\/gribshundensvanner.se\/wp-admin\/post.php?post=512&amp;action=edit\">h\u00e4r<\/a> .<\/p>\r\n\r\n\r\n\r\n<p>Mycket intressant l\u00e4sning <\/p>\r\n<\/div>\r\n\r\n\r\n\r\n<div class=\"wp-block-column is-layout-flow wp-block-column-is-layout-flow\" style=\"flex-basis:33.33%\">\r\n<figure class=\"wp-block-image size-large\"><img loading=\"lazy\" decoding=\"async\" width=\"923\" height=\"1024\" src=\"https:\/\/gribshundensvanner.se\/wp-content\/uploads\/2022\/08\/image-923x1024.png\" alt=\"\" class=\"wp-image-519\" srcset=\"https:\/\/gribshundensvanner.se\/wp-content\/uploads\/2022\/08\/image-923x1024.png 923w, https:\/\/gribshundensvanner.se\/wp-content\/uploads\/2022\/08\/image-270x300.png 270w, https:\/\/gribshundensvanner.se\/wp-content\/uploads\/2022\/08\/image-768x852.png 768w, https:\/\/gribshundensvanner.se\/wp-content\/uploads\/2022\/08\/image.png 1004w\" sizes=\"auto, (max-width: 923px) 100vw, 923px\" \/><\/figure>\r\n<\/div>\r\n<\/div>\r\n\r\n\r\n\r\n<h2 class=\"wp-block-heading\">Museer i omv\u00e4rlden<\/h2>\r\n\r\n\r\n\r\n<div class=\"wp-block-columns is-layout-flex wp-container-core-columns-is-layout-9d6595d7 wp-block-columns-is-layout-flex\">\r\n<div class=\"wp-block-column is-layout-flow wp-block-column-is-layout-flow\" style=\"flex-basis:66.66%\">\r\n<h4 class=\"wp-block-heading\"><a href=\"http:\/\/vrak.se\">Museet VRAK<\/a> i Stockholm<\/h4>\r\n\r\n\r\n\r\n<p>Vrak \u00e4r ett marinarkeologiskt museum som ber\u00e4ttar om det v\u00e4rldsunika kulturarv som finns p\u00e5 \u00d6stersj\u00f6ns botten. Med hj\u00e4lp av digital teknik tar museet ber\u00e4ttelserna till ytan men l\u00e5ter vraken ligga kvar p\u00e5 botten d\u00e4r de bevaras b\u00e4st. Museet bygger p\u00e5 kunskap utifr\u00e5n marinarkeologiska unders\u00f6kningar och samarbeten med forskare.<\/p>\r\n\r\n\r\n\r\n<p>Vrak ligger i anslutning till Vasamuseet p\u00e5 Djurg\u00e5rden i Stockholm.<\/p>\r\n<\/div>\r\n\r\n\r\n\r\n<div class=\"wp-block-column is-layout-flow wp-block-column-is-layout-flow\" style=\"flex-basis:33.33%\">\r\n<figure class=\"wp-block-image size-full\"><img loading=\"lazy\" decoding=\"async\" width=\"800\" height=\"639\" src=\"https:\/\/gribshundensvanner.se\/wp-content\/uploads\/2022\/05\/omvarld_vrak.jpg\" alt=\"\" class=\"wp-image-150\" srcset=\"https:\/\/gribshundensvanner.se\/wp-content\/uploads\/2022\/05\/omvarld_vrak.jpg 800w, https:\/\/gribshundensvanner.se\/wp-content\/uploads\/2022\/05\/omvarld_vrak-300x240.jpg 300w, https:\/\/gribshundensvanner.se\/wp-content\/uploads\/2022\/05\/omvarld_vrak-768x613.jpg 768w\" sizes=\"auto, (max-width: 800px) 100vw, 800px\" \/><figcaption class=\"wp-element-caption\">Fotograf: Mikael Dunker\/Vrak\/SMTM<br>B\u00e5thall 2 \u2013 ombyggd till Vrak<\/figcaption><\/figure>\r\n<\/div>\r\n<\/div>\r\n\r\n\r\n\r\n<div class=\"wp-block-columns is-layout-flex wp-container-core-columns-is-layout-9d6595d7 wp-block-columns-is-layout-flex\">\r\n<div class=\"wp-block-column is-layout-flow wp-block-column-is-layout-flow\" style=\"flex-basis:66.66%\">\r\n<h4 class=\"wp-block-heading\">\u00c5lands sj\u00f6fartsmuseum<\/h4>\r\n\r\n\r\n\r\n<p><a href=\"https:\/\/sjofartsmuseum.ax\/\" target=\"_blank\" rel=\"noreferrer noopener\">\u00c5lands sj\u00f6fartsmuseum<\/a> har en imponerande samling av fartygsmodeller, de flesta av segelfartyg. En del \u00e4r hobbyarbeten gjorda av sj\u00f6m\u00e4n under frivakter ombord, andra \u00e4r tillverkade av professionella modellbyggare. Gemensamt f\u00f6r dem alla \u00e4r att de vittnar om skicklighet, kunskap och t\u00e5lamod. P\u00e5 \u00c5lands sj\u00f6fartsmuseum finns det mycket f\u00f6r barnfamiljer att uppt\u00e4cka och att g\u00f6ra. H\u00e4r kan barn och vuxna tillsammans g\u00e5 p\u00e5 skattjakt med skeppsr\u00e5ttan Ruby och leta efter de finurliga sm\u00e5 r\u00e5tth\u00e5len g\u00f6mda runtom i museet. H\u00e4r kan du kl\u00e4ttra i stormasten och leka att du \u00e4r p\u00e5 ett stormande hav, stuva last och ta kommando \u00f6ver ditt eget fartyg.<\/p>\r\n<\/div>\r\n\r\n\r\n\r\n<div class=\"wp-block-column is-layout-flow wp-block-column-is-layout-flow\" style=\"flex-basis:33.33%\">\r\n<figure class=\"wp-block-image size-large\"><img loading=\"lazy\" decoding=\"async\" width=\"1024\" height=\"542\" src=\"https:\/\/gribshundensvanner.se\/wp-content\/uploads\/2022\/05\/Exterior_Aland_10--1024x542.gif\" alt=\"\" class=\"wp-image-383\" srcset=\"https:\/\/gribshundensvanner.se\/wp-content\/uploads\/2022\/05\/Exterior_Aland_10--1024x542.gif 1024w, https:\/\/gribshundensvanner.se\/wp-content\/uploads\/2022\/05\/Exterior_Aland_10--300x159.gif 300w, https:\/\/gribshundensvanner.se\/wp-content\/uploads\/2022\/05\/Exterior_Aland_10--768x406.gif 768w\" sizes=\"auto, (max-width: 1024px) 100vw, 1024px\" \/><figcaption class=\"wp-element-caption\">\u00c5lands sj\u00f6fartsmuseum<\/figcaption><\/figure>\r\n<\/div>\r\n<\/div>\r\n\r\n\r\n\r\n<div class=\"wp-block-columns is-layout-flex wp-container-core-columns-is-layout-9d6595d7 wp-block-columns-is-layout-flex\">\r\n<div class=\"wp-block-column is-layout-flow wp-block-column-is-layout-flow\" style=\"flex-basis:66.66%\">\r\n<h4 class=\"wp-block-heading\">Blekinge museum<\/h4>\r\n\r\n\r\n\r\n<p>Blekinge museum \u00e4r ett regionalt museum som bevarar, f\u00f6rvaltar och f\u00f6rmedlar Blekinge l\u00e4ns historia. Museet grundades 1899&nbsp;och bedriver verksamhet i hela l\u00e4net. Det handlar om allt fr\u00e5n utst\u00e4llningar, pedagogik och programverksamhet till arkeologi, kulturmilj\u00f6v\u00e5rd, samlingsf\u00f6rvaltning och samtidsdokumentation. Museet driver ocks\u00e5 arkeologiska forskningsprojekt med stor potential, h\u00e4r kan n\u00e4mnas j\u00e4rn\u00e5ldersboplatsen V\u00e4stra V\u00e5ng och det senmedeltida vraket Gribshunden.<\/p>\r\n\r\n\r\n\r\n<p>Blekinge museum \u00e4r en stiftelse med tre stiftare; Blekinge Hembygdsf\u00f6rbund, Region Blekinge samt Karlskrona kommun. Museets utst\u00e4llningslokaler ligger vid Fisktorget i Karlskrona, d\u00e4r bl.a. v\u00e4rldsarvsbyggnaden Grevag\u00e5rden ing\u00e5r. Museet har ocks\u00e5 ett stort, publikt f\u00f6rem\u00e5lsmagasin p\u00e5 Rosenholmsomr\u00e5det utanf\u00f6r Karlskrona.<\/p>\r\n\r\n\r\n\r\n<p>L\u00e4s mer p\u00e5&nbsp;<a href=\"http:\/\/www.blekingemuseum.se\/\">www.blekingemuseum.se<\/a>&nbsp;samt s\u00f6k i museets digitala samlingar p\u00e5&nbsp;<a href=\"http:\/\/blm.kulturhotell.se\/\">blm.kulturhotell.se<\/a><\/p>\r\n\r\n\r\n\r\n<p><br>&nbsp;<\/p>\r\n<\/div>\r\n\r\n\r\n\r\n<div class=\"wp-block-column is-layout-flow wp-block-column-is-layout-flow\" style=\"flex-basis:33.33%\">\r\n<figure class=\"wp-block-image size-full\"><img loading=\"lazy\" decoding=\"async\" width=\"805\" height=\"535\" src=\"https:\/\/gribshundensvanner.se\/wp-content\/uploads\/2022\/05\/OMVARLD_BLM.jpg\" alt=\"\" class=\"wp-image-156\" srcset=\"https:\/\/gribshundensvanner.se\/wp-content\/uploads\/2022\/05\/OMVARLD_BLM.jpg 805w, https:\/\/gribshundensvanner.se\/wp-content\/uploads\/2022\/05\/OMVARLD_BLM-300x199.jpg 300w, https:\/\/gribshundensvanner.se\/wp-content\/uploads\/2022\/05\/OMVARLD_BLM-768x510.jpg 768w\" sizes=\"auto, (max-width: 805px) 100vw, 805px\" \/><figcaption class=\"wp-element-caption\">Blekinge museum<\/figcaption><\/figure>\r\n<\/div>\r\n<\/div>\r\n\r\n\r\n\r\n<div class=\"wp-block-columns is-layout-flex wp-container-core-columns-is-layout-9d6595d7 wp-block-columns-is-layout-flex\">\r\n<div class=\"wp-block-column is-layout-flow wp-block-column-is-layout-flow\" style=\"flex-basis:66.66%\">\r\n<h4 class=\"wp-block-heading\"><a href=\"http:\/\/www.mfs.dk\">M\/S Museet for S\u00f8fart<\/a><br>Danmarks sj\u00f6fartsmuseum<\/h4>\r\n\r\n\r\n\r\n<p>Et 100 \u00e5r gammelt og helt nyt museum<\/p>\r\n\r\n\r\n\r\n<p>P\u00e5 afstand er det n\u00e6sten usynligt, men under jorden \u2013 og som nabo til Kronborg Slot \u2013 ligger Danmarks s\u00f8fartsmuseum, M\/S Museet for S\u00f8fart. F\u00f8lger man de let skr\u00e5nende broer ned i den gamle t\u00f8rdok, vil man opleve et af de seneste \u00e5rs mest spektakul\u00e6re nybyggerier i Danmark.<\/p>\r\n\r\n\r\n\r\n<p>M\/S Museet for S\u00f8fart fort\u00e6ller historien om Danmark som en af verdens f\u00f8rende s\u00f8fartsnationer p\u00e5 stemningsfuld og dramatisk vis i prisvindende udstillinger og storsl\u00e5et arkitektur, skabt af den prisvindende tegnestue BIG.<\/p>\r\n<\/div>\r\n\r\n\r\n\r\n<div class=\"wp-block-column is-layout-flow wp-block-column-is-layout-flow\" style=\"flex-basis:33.33%\">\r\n<figure class=\"wp-block-image size-full\"><img loading=\"lazy\" decoding=\"async\" width=\"640\" height=\"426\" src=\"https:\/\/gribshundensvanner.se\/wp-content\/uploads\/2022\/05\/OMVARLD_Sjofart.jpg\" alt=\"\" class=\"wp-image-158\" srcset=\"https:\/\/gribshundensvanner.se\/wp-content\/uploads\/2022\/05\/OMVARLD_Sjofart.jpg 640w, https:\/\/gribshundensvanner.se\/wp-content\/uploads\/2022\/05\/OMVARLD_Sjofart-300x200.jpg 300w\" sizes=\"auto, (max-width: 640px) 100vw, 640px\" \/><figcaption class=\"wp-element-caption\">Sj\u00f6fartsmuseet i Helsing\u00f6r<\/figcaption><\/figure>\r\n<\/div>\r\n<\/div>\r\n\r\n\r\n\r\n<div class=\"wp-block-columns is-layout-flex wp-container-core-columns-is-layout-9d6595d7 wp-block-columns-is-layout-flex\">\r\n<div class=\"wp-block-column is-layout-flow wp-block-column-is-layout-flow\" style=\"flex-basis:66.66%\">\r\n<p><strong><a href=\"http:\/\/marinmuseum.se\" data-type=\"URL\" data-id=\"marinmuseum.se\">Marinmuseum<\/a> i Karlskrona<\/strong><\/p>\r\n\r\n\r\n\r\n<p>Mitt i den historiska milj\u00f6n p\u00e5 \u00f6n Stumholmen i Karlskrona str\u00e4cker sig Marinmuseums vackra och omtalade byggnad p\u00e5 en pir ut i vattnet, p\u00e5 en plats som i flera hundra \u00e5r tillh\u00f6rt f\u00f6rsvarsmakten.<\/p>\r\n\r\n\r\n\r\n<p>Marinmuseum \u00e4r Sveriges nationella museum f\u00f6r den svenska marinens h\u00e4ndelserika historia, fr\u00e5n \u00e5r 1522 till idag. Med ursprung i Flottans modellkammare fr\u00e5n 1752 tar museet historien vidare med ber\u00e4ttelser om segelfartyg som linjeskepp och fregatter, maskindrivna ub\u00e5tar och kustkorvetter. Skeppsgossars, varvsarbetares och sj\u00f6m\u00e4ns liv bevaras genom f\u00f6rem\u00e5l, fotografier och arkivmaterial.<\/p>\r\n\r\n\r\n\r\n<p>Marinmuseum \u00e4r unikt p\u00e5 m\u00e5nga s\u00e4tt, inte minst f\u00f6r ub\u00e5tshallen med svenska flottans f\u00f6rsta ub\u00e5t Hajen fr\u00e5n 1904 och ub\u00e5ten Neptun fr\u00e5n 1978. H\u00e4r har b\u00e5de stora och sm\u00e5 chansen att uppleva sp\u00e4nnande utst\u00e4llningar och milj\u00f6er!<\/p>\r\n\r\n\r\n\r\n<p>Marinmuseum ing\u00e5r i myndigheten Statens maritima och transporthistoriska museer tillsammans med Sj\u00f6historiska museet, Vasamuseet och Vrak \u2013 Museum of Wrecks i Stockholm samt J\u00e4rnv\u00e4gsmuseet i G\u00e4vle.<\/p>\r\n\r\n\r\n\r\n<p>&nbsp;<\/p>\r\n<\/div>\r\n\r\n\r\n\r\n<div class=\"wp-block-column is-layout-flow wp-block-column-is-layout-flow\" style=\"flex-basis:33.33%\">\r\n<figure class=\"wp-block-image size-full\"><img loading=\"lazy\" decoding=\"async\" width=\"398\" height=\"284\" src=\"https:\/\/gribshundensvanner.se\/wp-content\/uploads\/2022\/05\/OMVARLD_MarinM.jpg\" alt=\"\" class=\"wp-image-160\" srcset=\"https:\/\/gribshundensvanner.se\/wp-content\/uploads\/2022\/05\/OMVARLD_MarinM.jpg 398w, https:\/\/gribshundensvanner.se\/wp-content\/uploads\/2022\/05\/OMVARLD_MarinM-300x214.jpg 300w\" sizes=\"auto, (max-width: 398px) 100vw, 398px\" \/><figcaption class=\"wp-element-caption\">Marinmuseum i Karlskrona<\/figcaption><\/figure>\r\n<\/div>\r\n<\/div>\r\n\r\n\r\n\r\n<div class=\"wp-block-columns is-layout-flex wp-container-core-columns-is-layout-9d6595d7 wp-block-columns-is-layout-flex\">\r\n<div class=\"wp-block-column is-layout-flow wp-block-column-is-layout-flow\" style=\"flex-basis:66.66%\">\r\n<h4 class=\"wp-block-heading\">Jelling museum i Danmark<\/h4>\r\n\r\n\r\n\r\n<p><a href=\"https:\/\/en.natmus.dk\/museums-and-palaces\/kongernes-jelling-home-of-the-viking-kings\/\" target=\"_blank\" rel=\"noreferrer noopener\">Kongernes Jelling<\/a> \u00e4r ett utst\u00e4llnings- och informationscenter f\u00f6r Jellingemonumenten som ligger intill Jellingeh\u00f6garna i Jelling, Danmark. Museet visar hur Jellingestenarna troligen s\u00e5g ut fr\u00e5n b\u00f6rjan och presenterar senaste kunskapen om vikingatiden. H\u00e4r kan man f\u00f6lja Gorm-sl\u00e4ktens sp\u00e5r fram till sl\u00e4kten idag samtidigt som museets utst\u00e4llningar placerar in Jelling i ett historiskt sammanhang.<\/p>\r\n<\/div>\r\n\r\n\r\n\r\n<div class=\"wp-block-column is-layout-flow wp-block-column-is-layout-flow\" style=\"flex-basis:33.33%\">\r\n<figure class=\"wp-block-image size-full\"><img loading=\"lazy\" decoding=\"async\" width=\"518\" height=\"388\" src=\"https:\/\/gribshundensvanner.se\/wp-content\/uploads\/2022\/05\/OMVARLD_Jelling.jpg\" alt=\"\" class=\"wp-image-162\" srcset=\"https:\/\/gribshundensvanner.se\/wp-content\/uploads\/2022\/05\/OMVARLD_Jelling.jpg 518w, https:\/\/gribshundensvanner.se\/wp-content\/uploads\/2022\/05\/OMVARLD_Jelling-300x225.jpg 300w\" sizes=\"auto, (max-width: 518px) 100vw, 518px\" \/><figcaption class=\"wp-element-caption\">Jelling museum p\u00e5 Jylland<\/figcaption><\/figure>\r\n<\/div>\r\n<\/div>\r\n\r\n\r\n\r\n<div class=\"wp-block-columns is-layout-flex wp-container-core-columns-is-layout-9d6595d7 wp-block-columns-is-layout-flex\">\r\n<div class=\"wp-block-column is-layout-flow wp-block-column-is-layout-flow\" style=\"flex-basis:66.66%\">\r\n<h4 class=\"wp-block-heading\"><a href=\"https:\/\/www.thewhale.no\">The Whale museum<\/a>, Andenes, Norge<\/h4>\r\n\r\n\r\n\r\n<p>300 km North of the Arctic Circle, on the tip of the island And\u00f8ya lies Andenes. A small town located amid dramatic landscapes \u2013 both above and below the ocean\u2019s surface. Just a few sea miles from shore a deep-sea valley unfolds. It is frequently visited by migrating whales, making Andenes one of the best places in the world to see this fabled animal up-close. The new Arctic attraction, <a href=\"https:\/\/www.thewhale.no\/\" target=\"_blank\" rel=\"noreferrer noopener\">The Whale<\/a>, tells the story of the big inhabitants of this underwater world, rising as a soft hill on the rocky shore\u2013 as if a giant had lifted a thin layer of the crust of the earth and created a cavity underneath.<\/p>\r\n\r\n\r\n\r\n<p>(Enast\u00e5ende arkitektur. Museet \u00e4r under byggnad och \u00f6ppnar 2023 enligt de senast uppgifterna)<\/p>\r\n<\/div>\r\n\r\n\r\n\r\n<div class=\"wp-block-column is-layout-flow wp-block-column-is-layout-flow\" style=\"flex-basis:33.33%\">\r\n<figure class=\"wp-block-image size-full\"><img loading=\"lazy\" decoding=\"async\" width=\"866\" height=\"597\" src=\"https:\/\/gribshundensvanner.se\/wp-content\/uploads\/2022\/05\/OMVARLD_Whale_10cm.gif\" alt=\"\" class=\"wp-image-164\"\/><figcaption class=\"wp-element-caption\">Valmuseet i Andenes i Norge n\u00e4ra Troms\u00f6<br><br><br><br><br><br><\/figcaption><\/figure>\r\n<\/div>\r\n<\/div>\r\n\r\n\r\n\r\n<h3 class=\"wp-block-heading\">Forskning och Framtid 2022 nr 8 om 3D-teknik<\/h3>\r\n\r\n\r\n\r\n<figure class=\"wp-block-image size-large\"><img loading=\"lazy\" decoding=\"async\" width=\"724\" height=\"1024\" src=\"https:\/\/gribshundensvanner.se\/wp-content\/uploads\/2022\/11\/FOF_nov_2022_nr1-724x1024.jpg\" alt=\"\" class=\"wp-image-597\" srcset=\"https:\/\/gribshundensvanner.se\/wp-content\/uploads\/2022\/11\/FOF_nov_2022_nr1-724x1024.jpg 724w, https:\/\/gribshundensvanner.se\/wp-content\/uploads\/2022\/11\/FOF_nov_2022_nr1-212x300.jpg 212w, https:\/\/gribshundensvanner.se\/wp-content\/uploads\/2022\/11\/FOF_nov_2022_nr1-768x1086.jpg 768w, https:\/\/gribshundensvanner.se\/wp-content\/uploads\/2022\/11\/FOF_nov_2022_nr1-1086x1536.jpg 1086w, https:\/\/gribshundensvanner.se\/wp-content\/uploads\/2022\/11\/FOF_nov_2022_nr1.jpg 1157w\" sizes=\"auto, (max-width: 724px) 100vw, 724px\" \/><\/figure>\r\n\r\n\r\n\r\n<figure class=\"wp-block-image size-large\"><img loading=\"lazy\" decoding=\"async\" width=\"724\" height=\"1024\" src=\"https:\/\/gribshundensvanner.se\/wp-content\/uploads\/2022\/11\/FoF_nov_2022_nr2-724x1024.jpg\" alt=\"\" class=\"wp-image-598\" srcset=\"https:\/\/gribshundensvanner.se\/wp-content\/uploads\/2022\/11\/FoF_nov_2022_nr2-724x1024.jpg 724w, https:\/\/gribshundensvanner.se\/wp-content\/uploads\/2022\/11\/FoF_nov_2022_nr2-212x300.jpg 212w, https:\/\/gribshundensvanner.se\/wp-content\/uploads\/2022\/11\/FoF_nov_2022_nr2-768x1086.jpg 768w, https:\/\/gribshundensvanner.se\/wp-content\/uploads\/2022\/11\/FoF_nov_2022_nr2-1086x1536.jpg 1086w, https:\/\/gribshundensvanner.se\/wp-content\/uploads\/2022\/11\/FoF_nov_2022_nr2.jpg 1157w\" sizes=\"auto, (max-width: 724px) 100vw, 724px\" \/><\/figure>\r\n\r\n\r\n\r\n<figure class=\"wp-block-image size-large\"><img loading=\"lazy\" decoding=\"async\" width=\"724\" height=\"1024\" src=\"https:\/\/gribshundensvanner.se\/wp-content\/uploads\/2022\/11\/FoF_nov_2022_nr3-724x1024.jpg\" alt=\"\" class=\"wp-image-599\" srcset=\"https:\/\/gribshundensvanner.se\/wp-content\/uploads\/2022\/11\/FoF_nov_2022_nr3-724x1024.jpg 724w, https:\/\/gribshundensvanner.se\/wp-content\/uploads\/2022\/11\/FoF_nov_2022_nr3-212x300.jpg 212w, https:\/\/gribshundensvanner.se\/wp-content\/uploads\/2022\/11\/FoF_nov_2022_nr3-768x1086.jpg 768w, https:\/\/gribshundensvanner.se\/wp-content\/uploads\/2022\/11\/FoF_nov_2022_nr3-1086x1536.jpg 1086w, https:\/\/gribshundensvanner.se\/wp-content\/uploads\/2022\/11\/FoF_nov_2022_nr3.jpg 1157w\" sizes=\"auto, (max-width: 724px) 100vw, 724px\" \/><\/figure>\r\n\r\n\r\n\r\n<figure class=\"wp-block-image size-large\"><img loading=\"lazy\" decoding=\"async\" width=\"724\" height=\"1024\" src=\"https:\/\/gribshundensvanner.se\/wp-content\/uploads\/2022\/11\/Fof_nov_2022_nr4.-724x1024.jpg\" alt=\"\" class=\"wp-image-600\" srcset=\"https:\/\/gribshundensvanner.se\/wp-content\/uploads\/2022\/11\/Fof_nov_2022_nr4.-724x1024.jpg 724w, https:\/\/gribshundensvanner.se\/wp-content\/uploads\/2022\/11\/Fof_nov_2022_nr4.-212x300.jpg 212w, https:\/\/gribshundensvanner.se\/wp-content\/uploads\/2022\/11\/Fof_nov_2022_nr4.-768x1086.jpg 768w, https:\/\/gribshundensvanner.se\/wp-content\/uploads\/2022\/11\/Fof_nov_2022_nr4.-1086x1536.jpg 1086w, https:\/\/gribshundensvanner.se\/wp-content\/uploads\/2022\/11\/Fof_nov_2022_nr4..jpg 1157w\" sizes=\"auto, (max-width: 724px) 100vw, 724px\" \/><\/figure>\r\n\r\n\r\n\r\n<h2 class=\"wp-block-heading\"><\/h2>\r\n\r\n\r\n\r\n<h2 class=\"wp-block-heading\"><\/h2>\r\n\r\n\r\n\r\n<h2 class=\"wp-block-heading\"><\/h2>\r\n\r\n\r\n\r\n<h2 class=\"wp-block-heading\"><\/h2>\r\n\r\n\r\n\r\n<h2 class=\"wp-block-heading\"><\/h2>\r\n","protected":false},"excerpt":{"rendered":"<p>Gribshunden i media Smithsonian Magazine Smithsonian Magazine nov 2021. Smithsonian Magazine \u00e4r USA:a och v\u00e4rldens mest respekterade tidskrift f\u00f6r historia och vetenskap och har samr\u00f6re med Smithsonian Institution som forskar och ansvarar f\u00f6r ett drygt tjugotal s.k. nationalmuseer i USA L\u00e4s artikeln h\u00e4r. Der Spiegel Tyska tidskriften DER SPIEGEL hade 2021 ett stort reportage om [&hellip;]<\/p>\n","protected":false},"author":1,"featured_media":0,"parent":0,"menu_order":0,"comment_status":"closed","ping_status":"closed","template":"","meta":{"footnotes":""},"class_list":["post-138","page","type-page","status-publish","hentry"],"_links":{"self":[{"href":"https:\/\/gribshundensvanner.se\/index.php\/wp-json\/wp\/v2\/pages\/138","targetHints":{"allow":["GET"]}}],"collection":[{"href":"https:\/\/gribshundensvanner.se\/index.php\/wp-json\/wp\/v2\/pages"}],"about":[{"href":"https:\/\/gribshundensvanner.se\/index.php\/wp-json\/wp\/v2\/types\/page"}],"author":[{"embeddable":true,"href":"https:\/\/gribshundensvanner.se\/index.php\/wp-json\/wp\/v2\/users\/1"}],"replies":[{"embeddable":true,"href":"https:\/\/gribshundensvanner.se\/index.php\/wp-json\/wp\/v2\/comments?post=138"}],"version-history":[{"count":19,"href":"https:\/\/gribshundensvanner.se\/index.php\/wp-json\/wp\/v2\/pages\/138\/revisions"}],"predecessor-version":[{"id":633,"href":"https:\/\/gribshundensvanner.se\/index.php\/wp-json\/wp\/v2\/pages\/138\/revisions\/633"}],"wp:attachment":[{"href":"https:\/\/gribshundensvanner.se\/index.php\/wp-json\/wp\/v2\/media?parent=138"}],"curies":[{"name":"wp","href":"https:\/\/api.w.org\/{rel}","templated":true}]}}