{"id":127,"date":"2022-08-22T10:17:00","date_gmt":"2022-08-22T10:17:00","guid":{"rendered":"https:\/\/gribshundensvanner.se\/?page_id=127"},"modified":"2025-03-19T15:59:13","modified_gmt":"2025-03-19T15:59:13","slug":"om-oss","status":"publish","type":"page","link":"https:\/\/gribshundensvanner.se\/index.php\/om-oss\/","title":{"rendered":"Om oss"},"content":{"rendered":"\n<h2 class=\"wp-block-heading\">V\u00e5r vision<\/h2>\n\n\n\n<p>Gribshundens v\u00e4nner har som vision att medverka till tillkomsten av ett fullkomligt unikt museum i Ronneby med fokus p\u00e5 Kung Hans senmedeltida flaggskepp Gribshunden men \u00e4ven fokus och forskning runt den medeltida staden Ronneby och j\u00e4rn\u00e5ldersbyn i V\u00e5ng vid Johannishus.<\/p>\n\n\n\n<p>I Gribshundens v\u00e4nners vision ing\u00e5r ocks\u00e5 att Museet medverkar till regionens utveckling s\u00e5v\u00e4l inom arkeologisk forskning som genom annat arbete och samverkar med skola, universitet, n\u00e4ringsliv och kulturinstitutioner s\u00e5&nbsp;att museet blir k\u00e4nt s\u00e5v\u00e4l nationellt som internationellt.<\/p>\n\n\n\n<div class=\"wp-block-columns is-layout-flex wp-container-core-columns-is-layout-9d6595d7 wp-block-columns-is-layout-flex\">\n<div class=\"wp-block-column is-layout-flow wp-block-column-is-layout-flow\">\n<h4 class=\"wp-block-heading\">Styrelse verksamhets\u00e5ret april 2024 \u2013 april 2025<\/h4>\n\n\n\n<ul class=\"wp-block-list\">\n<li>Peter Althin<\/li>\n\n\n\n<li>Anders Engblom &#8211; adj. sekreterare<\/li>\n\n\n\n<li>Therese Bohnsack<\/li>\n\n\n\n<li>Gunnar Bostr\u00f6m<\/li>\n\n\n\n<li>Charlotta B\u00e4ckstr\u00f6m<\/li>\n\n\n\n<li>Mona Glans<\/li>\n\n\n\n<li>Bj\u00f6rn O Svensson<\/li>\n\n\n\n<li>Marianne Lundkvist<\/li>\n<\/ul>\n<\/div>\n\n\n\n<div class=\"wp-block-column is-layout-flow wp-block-column-is-layout-flow\">\n<figure class=\"wp-block-image size-full is-resized\"><img loading=\"lazy\" decoding=\"async\" width=\"567\" height=\"319\" src=\"https:\/\/gribshundensvanner.se\/wp-content\/uploads\/2022\/05\/styrelse.jpg\" alt=\"\" class=\"wp-image-131\" style=\"width:405px;height:228px\" srcset=\"https:\/\/gribshundensvanner.se\/wp-content\/uploads\/2022\/05\/styrelse.jpg 567w, https:\/\/gribshundensvanner.se\/wp-content\/uploads\/2022\/05\/styrelse-300x169.jpg 300w\" sizes=\"auto, (max-width: 567px) 100vw, 567px\" \/><\/figure>\n<\/div>\n<\/div>\n\n\n\n<h4 class=\"wp-block-heading\">Kontakta oss<\/h4>\n\n\n\n<p>Vi n\u00e5s s\u00e4krast genom e-post. V\u00e5r adress \u00e4r: <a href=\"mailto:kontakt@gribshundensvanner.se\" data-type=\"mailto\" data-id=\"mailto:kontakt@gribshundensvanner.se\">kontakt@gribshundensvanner.se<\/a><\/p>\n\n\n\n<p>Valberedningen inf\u00f6r styrelseval 2024 -2026 best\u00e5r av Bo Svensson och Carl-Martin Lan\u00e9r.<\/p>\n\n\n\n<p>V\u00e5r postadress \u00e4r Gribshundens v\u00e4nner, Kallvattenkuren, Kurpromenaden 4, 372 36 Ronneby. <\/p>\n\n\n\n<p>Org.nr 802525-2928<\/p>\n\n\n\n<p>Vi finns givetvis ocks\u00e5 p\u00e5 <a rel=\"noreferrer noopener\" href=\"https:\/\/www.facebook.com\/Gribshundens-v%C3%A4nner-109133880459673\/\" target=\"_blank\">Facebook<\/a><\/p>\n\n\n\n<h4 class=\"wp-block-heading\">V\u00e5ra stolta sponsorer<\/h4>\n\n\n\n<figure class=\"wp-block-image size-large is-resized\"><img loading=\"lazy\" decoding=\"async\" width=\"1024\" height=\"767\" src=\"https:\/\/gribshundensvanner.se\/wp-content\/uploads\/2022\/12\/logo_vanner-1024x767.png\" alt=\"\" class=\"wp-image-634\" style=\"width:230px;height:172px\" srcset=\"https:\/\/gribshundensvanner.se\/wp-content\/uploads\/2022\/12\/logo_vanner-1024x767.png 1024w, https:\/\/gribshundensvanner.se\/wp-content\/uploads\/2022\/12\/logo_vanner-300x225.png 300w, https:\/\/gribshundensvanner.se\/wp-content\/uploads\/2022\/12\/logo_vanner-768x575.png 768w, https:\/\/gribshundensvanner.se\/wp-content\/uploads\/2022\/12\/logo_vanner-1536x1151.png 1536w, https:\/\/gribshundensvanner.se\/wp-content\/uploads\/2022\/12\/logo_vanner-2048x1534.png 2048w\" sizes=\"auto, (max-width: 1024px) 100vw, 1024px\" \/><\/figure>\n\n\n\n<p>F\u00f6reningen har nu f\u00e5tt n\u00e5gra sponsorer f\u00f6r att kunna h\u00e5lla l\u00e5g medlemsavgift. <br>Dessa \u00e4r i nul\u00e4get <a href=\"http:\/\/www.marinkompaniet.se\">Marinkompaniet<\/a>, <a href=\"https:\/\/flamingon.se\/\">Flamingon fastighets AB<\/a> samt <a href=\"https:\/\/gamlajernboden.se\/\">Gamla Jernboden i Ronneby<\/a>.<\/p>\n\n\n\n<h4 class=\"wp-block-heading\">Vill du eller ditt f\u00f6retag ocks\u00e5 sponsra f\u00f6reningen Gribshundens v\u00e4nner? <\/h4>\n\n\n\n<p>E-posta oss p\u00e5 adressen <a href=\"mailto:sponsor@gribshundensvanner.se\">sponsor@gribshundensvanner.se<\/a> s\u00e5 kan vi ber\u00e4tta hur vi kan exponera dig som sponsor och hur v\u00e5ra sponsorpaket ser ut. Vi kan erbjuda s\u00e5v\u00e4l lokala som nationella sponsorer bra exponering och intressanta sponsorspaket.<\/p>\n\n\n\n<h4 class=\"wp-block-heading\">Vill du donera f\u00f6r att st\u00f6dja dykningarna och projektet?<\/h4>\n\n\n\n<p>Om du vill donera medel till att vara med och bekosta eller sponsra s\u00e5v\u00e4l projektet som dykningar och omh\u00e4ndertagande av b\u00e4rgade f\u00f6rem\u00e5l och arkeologiska unders\u00f6kningar s\u00e5 kan Gribshundens v\u00e4nner f\u00f6rmedla kontakter. F\u00f6r mer information e-posta oss p\u00e5 <a href=\"mailto:donation@gribshundensvanner.se\">donation@gribshundensvanner.se<\/a> s\u00e5 kontaktar vi dig.<\/p>\n","protected":false},"excerpt":{"rendered":"<p>V\u00e5r vision Gribshundens v\u00e4nner har som vision att medverka till tillkomsten av ett fullkomligt unikt museum i Ronneby med fokus p\u00e5 Kung Hans senmedeltida flaggskepp Gribshunden men \u00e4ven fokus och forskning runt den medeltida staden Ronneby och j\u00e4rn\u00e5ldersbyn i V\u00e5ng vid Johannishus. I Gribshundens v\u00e4nners vision ing\u00e5r ocks\u00e5 att Museet medverkar till regionens utveckling s\u00e5v\u00e4l [&hellip;]<\/p>\n","protected":false},"author":1,"featured_media":0,"parent":0,"menu_order":0,"comment_status":"closed","ping_status":"closed","template":"","meta":{"footnotes":""},"class_list":["post-127","page","type-page","status-publish","hentry"],"_links":{"self":[{"href":"https:\/\/gribshundensvanner.se\/index.php\/wp-json\/wp\/v2\/pages\/127","targetHints":{"allow":["GET"]}}],"collection":[{"href":"https:\/\/gribshundensvanner.se\/index.php\/wp-json\/wp\/v2\/pages"}],"about":[{"href":"https:\/\/gribshundensvanner.se\/index.php\/wp-json\/wp\/v2\/types\/page"}],"author":[{"embeddable":true,"href":"https:\/\/gribshundensvanner.se\/index.php\/wp-json\/wp\/v2\/users\/1"}],"replies":[{"embeddable":true,"href":"https:\/\/gribshundensvanner.se\/index.php\/wp-json\/wp\/v2\/comments?post=127"}],"version-history":[{"count":29,"href":"https:\/\/gribshundensvanner.se\/index.php\/wp-json\/wp\/v2\/pages\/127\/revisions"}],"predecessor-version":[{"id":874,"href":"https:\/\/gribshundensvanner.se\/index.php\/wp-json\/wp\/v2\/pages\/127\/revisions\/874"}],"wp:attachment":[{"href":"https:\/\/gribshundensvanner.se\/index.php\/wp-json\/wp\/v2\/media?parent=127"}],"curies":[{"name":"wp","href":"https:\/\/api.w.org\/{rel}","templated":true}]}}